{"id":336,"date":"2026-01-04T14:35:12","date_gmt":"2026-01-04T12:35:12","guid":{"rendered":"https:\/\/legarti.ee\/?post_type=product&#038;p=336"},"modified":"2026-01-25T13:21:33","modified_gmt":"2026-01-25T11:21:33","slug":"elektriline-vaikne-aiahakkur-ikra-ilh-2800-max-oksa-labimoot-44-mm-kahjustatud-voi-puuduv-pakend","status":"publish","type":"product","link":"https:\/\/legarti.ee\/ru\/toode\/elektriline-vaikne-aiahakkur-ikra-ilh-2800-max-oksa-labimoot-44-mm-kahjustatud-voi-puuduv-pakend\/","title":{"rendered":"\u042d\u043b\u0435\u043a\u0442\u0440\u0438\u0447\u0435\u0441\u043a\u0438\u0439 \u0441\u0430\u0434\u043e\u0432\u044b\u0439 \u0438\u0437\u043c\u0435\u043b\u044c\u0447\u0438\u0442\u0435\u043b\u044c IKRA IMH 2800, 2800 \u0412\u0442, \u043c\u0430\u043a\u0441. \u0434\u0438\u0430\u043c\u0435\u0442\u0440 \u0432\u0435\u0442\u043e\u043a 45 \u043c\u043c, \u043c\u0435\u0448\u043e\u043a \u0434\u043b\u044f \u0441\u0431\u043e\u0440\u0430 45 \u043b,  \u043f\u043e\u0432\u0440\u0435\u0436\u0434\u0451\u043d\u043d\u0430\u044f \u0438\u043b\u0438 \u043e\u0442\u0441\u0443\u0442\u0441\u0442\u0432\u0443\u044e\u0449\u0430\u044f \u0443\u043f\u0430\u043a\u043e\u0432\u043a\u0430"},"content":{"rendered":"<p><\/p>\n<p data-start=\"3238\" data-end=\"3266\"><strong data-start=\"3238\" data-end=\"3266\">\u041e\u0441\u043d\u043e\u0432\u043d\u044b\u0435 \u0445\u0430\u0440\u0430\u043a\u0442\u0435\u0440\u0438\u0441\u0442\u0438\u043a\u0438:<\/strong><\/p>\n<p data-start=\"3268\" data-end=\"3820\">\u0412\u044b\u0441\u043e\u043a\u043e\u043f\u0440\u043e\u0438\u0437\u0432\u043e\u0434\u0438\u0442\u0435\u043b\u044c\u043d\u044b\u0439 \u044d\u043b\u0435\u043a\u0442\u0440\u043e\u0434\u0432\u0438\u0433\u0430\u0442\u0435\u043b\u044c 2800 \u0412\u0442 \u0434\u043b\u044f \u043c\u043e\u0449\u043d\u043e\u0433\u043e \u0438\u0437\u043c\u0435\u043b\u044c\u0447\u0435\u043d\u0438\u044f<br data-start=\"3339\" data-end=\"3342\" \/>\u041f\u043e\u0434\u0445\u043e\u0434\u0438\u0442 \u0434\u043b\u044f \u0432\u0435\u0442\u043e\u043a \u0434\u0438\u0430\u043c\u0435\u0442\u0440\u043e\u043c \u0434\u043e 45 \u043c\u043c<br data-start=\"3379\" data-end=\"3382\" \/>\u041f\u0440\u043e\u0447\u043d\u044b\u0435 \u0440\u0435\u0432\u0435\u0440\u0441\u0438\u0432\u043d\u044b\u0435 \u043d\u043e\u0436\u0438 \u0438\u0437 \u0437\u0430\u043a\u0430\u043b\u0451\u043d\u043d\u043e\u0439 \u0441\u0442\u0430\u043b\u0438 \u0434\u043b\u044f \u044d\u0444\u0444\u0435\u043a\u0442\u0438\u0432\u043d\u043e\u0439 \u0440\u0435\u0437\u043a\u0438<br data-start=\"3448\" data-end=\"3451\" \/>\u0412 \u043a\u043e\u043c\u043f\u043b\u0435\u043a\u0442\u0435 2 \u0437\u0430\u043f\u0430\u0441\u043d\u044b\u0445 \u0440\u0435\u0432\u0435\u0440\u0441\u0438\u0432\u043d\u044b\u0445 \u043d\u043e\u0436\u0430<br data-start=\"3490\" data-end=\"3493\" \/>\u041c\u043e\u0431\u0438\u043b\u044c\u043d\u0430\u044f \u043a\u043e\u043d\u0441\u0442\u0440\u0443\u043a\u0446\u0438\u044f \u0441 \u043a\u043e\u043b\u0451\u0441\u0430\u043c\u0438 \u0438 \u0443\u0434\u043e\u0431\u043d\u043e\u0439 \u0440\u0443\u0447\u043a\u043e\u0439<br data-start=\"3542\" data-end=\"3545\" \/>\u0421\u043a\u043b\u0430\u0434\u043d\u0430\u044f \u0432\u043e\u0440\u043e\u043d\u043a\u0430 \u0441 \u043f\u0440\u0435\u0434\u043e\u0445\u0440\u0430\u043d\u0438\u0442\u0435\u043b\u044c\u043d\u044b\u043c \u0437\u0430\u043c\u043a\u043e\u043c \u0434\u043b\u044f \u043b\u0451\u0433\u043a\u043e\u0439 \u043e\u0447\u0438\u0441\u0442\u043a\u0438 \u0438 \u043e\u0431\u0441\u043b\u0443\u0436\u0438\u0432\u0430\u043d\u0438\u044f<br data-start=\"3622\" data-end=\"3625\" \/>\u042d\u0444\u0444\u0435\u043a\u0442\u0438\u0432\u043d\u0430\u044f \u0441\u0438\u0441\u0442\u0435\u043c\u0430 \u0441\u0431\u043e\u0440\u0430 \u0441 \u043c\u0435\u0448\u043a\u043e\u043c \u043e\u0431\u044a\u0451\u043c\u043e\u043c 45 \u043b\u0438\u0442\u0440\u043e\u0432<br data-start=\"3677\" data-end=\"3680\" \/>\u0412\u0441\u0442\u0440\u043e\u0435\u043d\u043d\u044b\u0439 \u0434\u0435\u0440\u0436\u0430\u0442\u0435\u043b\u044c \u043c\u0435\u0448\u043a\u0430 \u0438 \u0442\u043e\u043b\u043a\u0430\u0442\u0435\u043b\u044c \u0434\u043b\u044f \u0431\u0435\u0437\u043e\u043f\u0430\u0441\u043d\u043e\u0439 \u043f\u043e\u0434\u0430\u0447\u0438 \u043c\u0430\u0442\u0435\u0440\u0438\u0430\u043b\u0430<\/p>\n<p data-start=\"3268\" data-end=\"3820\">\n<p data-start=\"3268\" data-end=\"3820\"><strong data-start=\"3822\" data-end=\"3839\">\u041f\u043e\u0434\u0445\u043e\u0434\u0438\u0442 \u0434\u043b\u044f:<\/strong><\/p>\n<p data-start=\"3841\" data-end=\"3996\">\u0418\u0437\u043c\u0435\u043b\u044c\u0447\u0435\u043d\u0438\u044f \u0432\u0435\u0442\u043e\u043a, \u0441\u0443\u0447\u044c\u0435\u0432 \u0438 \u0441\u0430\u0434\u043e\u0432\u044b\u0445 \u043e\u0442\u0445\u043e\u0434\u043e\u0432<br data-start=\"3884\" data-end=\"3887\" \/>\u0421\u0430\u0434\u043e\u0432\u044b\u0445 \u0440\u0430\u0431\u043e\u0442 \u0438 \u043e\u0431\u0440\u0435\u0437\u043a\u0438 \u0440\u0430\u0441\u0442\u0435\u043d\u0438\u0439<br data-start=\"3919\" data-end=\"3922\" \/>\u041f\u043e\u043b\u0443\u0447\u0435\u043d\u0438\u044f \u043c\u0443\u043b\u044c\u0447\u0438 \u0434\u043b\u044f \u0438\u0441\u043f\u043e\u043b\u044c\u0437\u043e\u0432\u0430\u043d\u0438\u044f \u0432 \u0441\u0430\u0434\u0443<br data-start=\"3963\" data-end=\"3966\" \/>\u0414\u043e\u043c\u0430\u0448\u043d\u0438\u0445 \u0441\u0430\u0434\u043e\u0432\u043e\u0434\u043e\u0432 \u0438 \u043b\u044e\u0431\u0438\u0442\u0435\u043b\u0435\u0439<\/p>\n<p data-start=\"3998\" data-end=\"4029\"><strong data-start=\"3998\" data-end=\"4029\">\u0422\u0435\u0445\u043d\u0438\u0447\u0435\u0441\u043a\u0438\u0435 \u0445\u0430\u0440\u0430\u043a\u0442\u0435\u0440\u0438\u0441\u0442\u0438\u043a\u0438:<\/strong><\/p>\n<p data-start=\"4031\" data-end=\"4443\">\u0422\u0438\u043f \u0438\u0437\u0434\u0435\u043b\u0438\u044f: \u042d\u043b\u0435\u043a\u0442\u0440\u0438\u0447\u0435\u0441\u043a\u0438\u0439 \u0441\u0430\u0434\u043e\u0432\u044b\u0439 \u0438\u0437\u043c\u0435\u043b\u044c\u0447\u0438\u0442\u0435\u043b\u044c<br data-start=\"4078\" data-end=\"4081\" \/>\u0411\u0440\u0435\u043d\u0434: IKRA<br data-start=\"4092\" data-end=\"4095\" \/>\u041c\u043e\u0434\u0435\u043b\u044c: IMH 2800<br data-start=\"4111\" data-end=\"4114\" \/>\u0418\u0441\u0442\u043e\u0447\u043d\u0438\u043a \u043f\u0438\u0442\u0430\u043d\u0438\u044f: \u0421\u0435\u0442\u0435\u0432\u043e\u0439<br data-start=\"4139\" data-end=\"4142\" \/>\u041c\u043e\u0449\u043d\u043e\u0441\u0442\u044c: 2800 \u0412\u0442<br data-start=\"4159\" data-end=\"4162\" \/>\u041c\u0430\u043a\u0441\u0438\u043c\u0430\u043b\u044c\u043d\u044b\u0439 \u0434\u0438\u0430\u043c\u0435\u0442\u0440 \u0432\u0435\u0442\u043e\u043a: 45 \u043c\u043c<br data-start=\"4195\" data-end=\"4198\" \/>\u0422\u0438\u043f \u043d\u043e\u0436\u0435\u0439: \u0420\u0435\u0432\u0435\u0440\u0441\u0438\u0432\u043d\u044b\u0435, \u0437\u0430\u043a\u0430\u043b\u0451\u043d\u043d\u0430\u044f \u0441\u0442\u0430\u043b\u044c<br data-start=\"4238\" data-end=\"4241\" \/>\u041e\u0431\u044a\u0451\u043c \u043c\u0435\u0448\u043a\u0430 \u0434\u043b\u044f \u0441\u0431\u043e\u0440\u0430: 45 \u043b<br data-start=\"4268\" data-end=\"4271\" \/>\u0412\u0435\u0441: \u043e\u043a\u043e\u043b\u043e 10 \u043a\u0433<br data-start=\"4287\" data-end=\"4290\" \/>\u0413\u0430\u0431\u0430\u0440\u0438\u0442\u044b: 44 \u00d7 36 \u00d7 94 \u0441\u043c<\/p>\n<p><\/p>","protected":false},"excerpt":{"rendered":"<p><strong>\u0426\u0435\u043d\u0430 \u0443\u043a\u0430\u0437\u0430\u043d\u0430 \u0437\u0430 \u043e\u0434\u043d\u043e\u00a0<\/strong><\/p>\n","protected":false},"featured_media":346,"template":"","meta":[],"product_cat":[32],"product_tag":[],"yoast_head":"<!-- This site is optimized with the Yoast SEO plugin v22.6 - https:\/\/yoast.com\/wordpress\/plugins\/seo\/ -->\n<title>\u042d\u043b\u0435\u043a\u0442\u0440\u0438\u0447\u0435\u0441\u043a\u0438\u0439 \u0441\u0430\u0434\u043e\u0432\u044b\u0439 \u0438\u0437\u043c\u0435\u043b\u044c\u0447\u0438\u0442\u0435\u043b\u044c IKRA IMH 2800, 2800 \u0412\u0442, \u043c\u0430\u043a\u0441. \u0434\u0438\u0430\u043c\u0435\u0442\u0440 \u0432\u0435\u0442\u043e\u043a 45 \u043c\u043c, \u043c\u0435\u0448\u043e\u043a \u0434\u043b\u044f \u0441\u0431\u043e\u0440\u0430 45 \u043b, \u043f\u043e\u0432\u0440\u0435\u0436\u0434\u0451\u043d\u043d\u0430\u044f \u0438\u043b\u0438 \u043e\u0442\u0441\u0443\u0442\u0441\u0442\u0432\u0443\u044e\u0449\u0430\u044f \u0443\u043f\u0430\u043a\u043e\u0432\u043a\u0430 | Legarti<\/title>\n<meta name=\"robots\" content=\"index, follow, max-snippet:-1, max-image-preview:large, max-video-preview:-1\" \/>\n<link rel=\"canonical\" href=\"https:\/\/legarti.ee\/ru\/toode\/elektriline-vaikne-aiahakkur-ikra-ilh-2800-max-oksa-labimoot-44-mm-kahjustatud-voi-puuduv-pakend\/\" \/>\n<meta property=\"og:locale\" content=\"ru_RU\" \/>\n<meta property=\"og:type\" content=\"article\" \/>\n<meta property=\"og:title\" content=\"\u042d\u043b\u0435\u043a\u0442\u0440\u0438\u0447\u0435\u0441\u043a\u0438\u0439 \u0441\u0430\u0434\u043e\u0432\u044b\u0439 \u0438\u0437\u043c\u0435\u043b\u044c\u0447\u0438\u0442\u0435\u043b\u044c IKRA IMH 2800, 2800 \u0412\u0442, \u043c\u0430\u043a\u0441. \u0434\u0438\u0430\u043c\u0435\u0442\u0440 \u0432\u0435\u0442\u043e\u043a 45 \u043c\u043c, \u043c\u0435\u0448\u043e\u043a \u0434\u043b\u044f \u0441\u0431\u043e\u0440\u0430 45 \u043b, \u043f\u043e\u0432\u0440\u0435\u0436\u0434\u0451\u043d\u043d\u0430\u044f \u0438\u043b\u0438 \u043e\u0442\u0441\u0443\u0442\u0441\u0442\u0432\u0443\u044e\u0449\u0430\u044f \u0443\u043f\u0430\u043a\u043e\u0432\u043a\u0430 | Legarti\" \/>\n<meta property=\"og:description\" content=\"\u0426\u0435\u043d\u0430 \u0443\u043a\u0430\u0437\u0430\u043d\u0430 \u0437\u0430 \u043e\u0434\u043d\u043e\u00a0\" \/>\n<meta property=\"og:url\" content=\"https:\/\/legarti.ee\/ru\/toode\/elektriline-vaikne-aiahakkur-ikra-ilh-2800-max-oksa-labimoot-44-mm-kahjustatud-voi-puuduv-pakend\/\" \/>\n<meta property=\"og:site_name\" content=\"Legarti\" \/>\n<meta property=\"article:modified_time\" content=\"2026-01-25T11:21:33+00:00\" \/>\n<meta property=\"og:image\" content=\"https:\/\/legarti.ee\/wp-content\/uploads\/2026\/01\/61uDV4Cc0YL._AC_SL1500_.jpg\" \/>\n\t<meta property=\"og:image:width\" content=\"834\" \/>\n\t<meta property=\"og:image:height\" content=\"1500\" \/>\n\t<meta property=\"og:image:type\" content=\"image\/jpeg\" \/>\n<meta name=\"twitter:card\" content=\"summary_large_image\" \/>\n<meta name=\"twitter:label1\" content=\"\u041f\u0440\u0438\u043c\u0435\u0440\u043d\u043e\u0435 \u0432\u0440\u0435\u043c\u044f \u0434\u043b\u044f \u0447\u0442\u0435\u043d\u0438\u044f\" \/>\n\t<meta name=\"twitter:data1\" content=\"1 \u043c\u0438\u043d\u0443\u0442\u0430\" \/>\n<script type=\"application\/ld+json\" class=\"yoast-schema-graph\">{\"@context\":\"https:\/\/schema.org\",\"@graph\":[{\"@type\":\"WebPage\",\"@id\":\"https:\/\/legarti.ee\/ru\/toode\/elektriline-vaikne-aiahakkur-ikra-ilh-2800-max-oksa-labimoot-44-mm-kahjustatud-voi-puuduv-pakend\/\",\"url\":\"https:\/\/legarti.ee\/ru\/toode\/elektriline-vaikne-aiahakkur-ikra-ilh-2800-max-oksa-labimoot-44-mm-kahjustatud-voi-puuduv-pakend\/\",\"name\":\"\u042d\u043b\u0435\u043a\u0442\u0440\u0438\u0447\u0435\u0441\u043a\u0438\u0439 \u0441\u0430\u0434\u043e\u0432\u044b\u0439 \u0438\u0437\u043c\u0435\u043b\u044c\u0447\u0438\u0442\u0435\u043b\u044c IKRA IMH 2800, 2800 \u0412\u0442, \u043c\u0430\u043a\u0441. \u0434\u0438\u0430\u043c\u0435\u0442\u0440 \u0432\u0435\u0442\u043e\u043a 45 \u043c\u043c, \u043c\u0435\u0448\u043e\u043a \u0434\u043b\u044f \u0441\u0431\u043e\u0440\u0430 45 \u043b, \u043f\u043e\u0432\u0440\u0435\u0436\u0434\u0451\u043d\u043d\u0430\u044f \u0438\u043b\u0438 \u043e\u0442\u0441\u0443\u0442\u0441\u0442\u0432\u0443\u044e\u0449\u0430\u044f \u0443\u043f\u0430\u043a\u043e\u0432\u043a\u0430 | Legarti\",\"isPartOf\":{\"@id\":\"https:\/\/legarti.ee\/ru\/#website\"},\"primaryImageOfPage\":{\"@id\":\"https:\/\/legarti.ee\/ru\/toode\/elektriline-vaikne-aiahakkur-ikra-ilh-2800-max-oksa-labimoot-44-mm-kahjustatud-voi-puuduv-pakend\/#primaryimage\"},\"image\":{\"@id\":\"https:\/\/legarti.ee\/toode\/elektriline-vaikne-aiahakkur-ikra-ilh-2800-max-oksa-labimoot-44-mm-kahjustatud-voi-puuduv-pakend\/#primaryimage\"},\"thumbnailUrl\":\"https:\/\/legarti.ee\/wp-content\/uploads\/2026\/01\/61uDV4Cc0YL._AC_SL1500_.jpg\",\"datePublished\":\"2026-01-04T12:35:12+00:00\",\"dateModified\":\"2026-01-25T11:21:33+00:00\",\"breadcrumb\":{\"@id\":\"https:\/\/legarti.ee\/ru\/toode\/elektriline-vaikne-aiahakkur-ikra-ilh-2800-max-oksa-labimoot-44-mm-kahjustatud-voi-puuduv-pakend\/#breadcrumb\"},\"inLanguage\":\"ru-RU\",\"potentialAction\":[{\"@type\":\"ReadAction\",\"target\":[[\"https:\/\/legarti.ee\/ru\/toode\/elektriline-vaikne-aiahakkur-ikra-ilh-2800-max-oksa-labimoot-44-mm-kahjustatud-voi-puuduv-pakend\/\"]]}]},{\"@type\":\"ImageObject\",\"inLanguage\":\"ru-RU\",\"@id\":\"https:\/\/legarti.ee\/ru\/toode\/elektriline-vaikne-aiahakkur-ikra-ilh-2800-max-oksa-labimoot-44-mm-kahjustatud-voi-puuduv-pakend\/#primaryimage\",\"url\":\"https:\/\/legarti.ee\/wp-content\/uploads\/2026\/01\/61uDV4Cc0YL._AC_SL1500_.jpg\",\"contentUrl\":\"https:\/\/legarti.ee\/wp-content\/uploads\/2026\/01\/61uDV4Cc0YL._AC_SL1500_.jpg\",\"width\":834,\"height\":1500},{\"@type\":\"BreadcrumbList\",\"@id\":\"https:\/\/legarti.ee\/ru\/toode\/elektriline-vaikne-aiahakkur-ikra-ilh-2800-max-oksa-labimoot-44-mm-kahjustatud-voi-puuduv-pakend\/#breadcrumb\",\"itemListElement\":[{\"@type\":\"ListItem\",\"position\":1,\"name\":\"Avaleht\",\"item\":\"https:\/\/legarti.ee\/ru\/\"},{\"@type\":\"ListItem\",\"position\":2,\"name\":\"Pood &#038; Oksjon\",\"item\":\"https:\/\/legarti.ee\/ru\/pood\/\"},{\"@type\":\"ListItem\",\"position\":3,\"name\":\"Elektriline aiahakkur IKRA IMH 2800, 2800 W, max oksa l\u00e4bim\u00f5\u00f5t 45 mm, kogumiskott 45 l, kahjustatud v\u00f5i puuduv pakend\"}]},{\"@type\":\"WebSite\",\"@id\":\"https:\/\/legarti.ee\/ru\/#website\",\"url\":\"https:\/\/legarti.ee\/ru\/\",\"name\":\"Legarti\",\"description\":\"Legarti O\u00dc - \u044d\u0442\u043e \u043a\u043e\u043c\u043f\u0430\u043d\u0438\u044f, \u0441\u043f\u0435\u0446\u0438\u0430\u043b\u0438\u0437\u0438\u0440\u0443\u044e\u0449\u0430\u044f\u0441\u044f \u043d\u0430 \u043f\u0440\u043e\u0434\u0430\u0436\u0435 \u0442\u043e\u0432\u0430\u0440\u043e\u0432 \u0434\u043b\u044f \u0443\u043c\u043d\u043e\u0433\u043e \u0434\u043e\u043c\u0430.\",\"publisher\":{\"@id\":\"https:\/\/legarti.ee\/ru\/#organization\"},\"alternateName\":\"Legarti\",\"potentialAction\":[{\"@type\":\"SearchAction\",\"target\":{\"@type\":\"EntryPoint\",\"urlTemplate\":\"https:\/\/legarti.ee\/ru\/?s={search_term_string}\"},\"query-input\":\"required name=search_term_string\"}],\"inLanguage\":\"ru-RU\"},{\"@type\":\"Organization\",\"@id\":\"https:\/\/legarti.ee\/ru\/#organization\",\"name\":\"Legarti O\u00dc\",\"alternateName\":\"Legarti\",\"url\":\"https:\/\/legarti.ee\/ru\/\",\"logo\":{\"@type\":\"ImageObject\",\"inLanguage\":\"ru-RU\",\"@id\":\"https:\/\/legarti.ee\/ru\/#\/schema\/logo\/image\/\",\"url\":\"https:\/\/legarti.ee\/wp-content\/uploads\/2024\/04\/logo_legarti-muts.png\",\"contentUrl\":\"https:\/\/legarti.ee\/wp-content\/uploads\/2024\/04\/logo_legarti-muts.png\",\"width\":600,\"height\":398,\"caption\":\"Legarti O\u00dc\"},\"image\":{\"@id\":\"https:\/\/legarti.ee\/ru\/#\/schema\/logo\/image\/\"}}]}<\/script>\n<!-- \/ Yoast SEO plugin. -->","yoast_head_json":{"title":"\u042d\u043b\u0435\u043a\u0442\u0440\u0438\u0447\u0435\u0441\u043a\u0438\u0439 \u0441\u0430\u0434\u043e\u0432\u044b\u0439 \u0438\u0437\u043c\u0435\u043b\u044c\u0447\u0438\u0442\u0435\u043b\u044c IKRA IMH 2800, 2800 \u0412\u0442, \u043c\u0430\u043a\u0441. \u0434\u0438\u0430\u043c\u0435\u0442\u0440 \u0432\u0435\u0442\u043e\u043a 45 \u043c\u043c, \u043c\u0435\u0448\u043e\u043a \u0434\u043b\u044f \u0441\u0431\u043e\u0440\u0430 45 \u043b, \u043f\u043e\u0432\u0440\u0435\u0436\u0434\u0451\u043d\u043d\u0430\u044f \u0438\u043b\u0438 \u043e\u0442\u0441\u0443\u0442\u0441\u0442\u0432\u0443\u044e\u0449\u0430\u044f \u0443\u043f\u0430\u043a\u043e\u0432\u043a\u0430 | Legarti","robots":{"index":"index","follow":"follow","max-snippet":"max-snippet:-1","max-image-preview":"max-image-preview:large","max-video-preview":"max-video-preview:-1"},"canonical":"https:\/\/legarti.ee\/ru\/toode\/elektriline-vaikne-aiahakkur-ikra-ilh-2800-max-oksa-labimoot-44-mm-kahjustatud-voi-puuduv-pakend\/","og_locale":"ru_RU","og_type":"article","og_title":"\u042d\u043b\u0435\u043a\u0442\u0440\u0438\u0447\u0435\u0441\u043a\u0438\u0439 \u0441\u0430\u0434\u043e\u0432\u044b\u0439 \u0438\u0437\u043c\u0435\u043b\u044c\u0447\u0438\u0442\u0435\u043b\u044c IKRA IMH 2800, 2800 \u0412\u0442, \u043c\u0430\u043a\u0441. \u0434\u0438\u0430\u043c\u0435\u0442\u0440 \u0432\u0435\u0442\u043e\u043a 45 \u043c\u043c, \u043c\u0435\u0448\u043e\u043a \u0434\u043b\u044f \u0441\u0431\u043e\u0440\u0430 45 \u043b, \u043f\u043e\u0432\u0440\u0435\u0436\u0434\u0451\u043d\u043d\u0430\u044f \u0438\u043b\u0438 \u043e\u0442\u0441\u0443\u0442\u0441\u0442\u0432\u0443\u044e\u0449\u0430\u044f \u0443\u043f\u0430\u043a\u043e\u0432\u043a\u0430 | Legarti","og_description":"\u0426\u0435\u043d\u0430 \u0443\u043a\u0430\u0437\u0430\u043d\u0430 \u0437\u0430 \u043e\u0434\u043d\u043e\u00a0","og_url":"https:\/\/legarti.ee\/ru\/toode\/elektriline-vaikne-aiahakkur-ikra-ilh-2800-max-oksa-labimoot-44-mm-kahjustatud-voi-puuduv-pakend\/","og_site_name":"Legarti","article_modified_time":"2026-01-25T11:21:33+00:00","og_image":[{"width":834,"height":1500,"url":"https:\/\/legarti.ee\/wp-content\/uploads\/2026\/01\/61uDV4Cc0YL._AC_SL1500_.jpg","type":"image\/jpeg"}],"twitter_card":"summary_large_image","twitter_misc":{"\u041f\u0440\u0438\u043c\u0435\u0440\u043d\u043e\u0435 \u0432\u0440\u0435\u043c\u044f \u0434\u043b\u044f \u0447\u0442\u0435\u043d\u0438\u044f":"1 \u043c\u0438\u043d\u0443\u0442\u0430"},"schema":{"@context":"https:\/\/schema.org","@graph":[{"@type":"WebPage","@id":"https:\/\/legarti.ee\/ru\/toode\/elektriline-vaikne-aiahakkur-ikra-ilh-2800-max-oksa-labimoot-44-mm-kahjustatud-voi-puuduv-pakend\/","url":"https:\/\/legarti.ee\/ru\/toode\/elektriline-vaikne-aiahakkur-ikra-ilh-2800-max-oksa-labimoot-44-mm-kahjustatud-voi-puuduv-pakend\/","name":"\u042d\u043b\u0435\u043a\u0442\u0440\u0438\u0447\u0435\u0441\u043a\u0438\u0439 \u0441\u0430\u0434\u043e\u0432\u044b\u0439 \u0438\u0437\u043c\u0435\u043b\u044c\u0447\u0438\u0442\u0435\u043b\u044c IKRA IMH 2800, 2800 \u0412\u0442, \u043c\u0430\u043a\u0441. \u0434\u0438\u0430\u043c\u0435\u0442\u0440 \u0432\u0435\u0442\u043e\u043a 45 \u043c\u043c, \u043c\u0435\u0448\u043e\u043a \u0434\u043b\u044f \u0441\u0431\u043e\u0440\u0430 45 \u043b, \u043f\u043e\u0432\u0440\u0435\u0436\u0434\u0451\u043d\u043d\u0430\u044f \u0438\u043b\u0438 \u043e\u0442\u0441\u0443\u0442\u0441\u0442\u0432\u0443\u044e\u0449\u0430\u044f \u0443\u043f\u0430\u043a\u043e\u0432\u043a\u0430 | Legarti","isPartOf":{"@id":"https:\/\/legarti.ee\/ru\/#website"},"primaryImageOfPage":{"@id":"https:\/\/legarti.ee\/ru\/toode\/elektriline-vaikne-aiahakkur-ikra-ilh-2800-max-oksa-labimoot-44-mm-kahjustatud-voi-puuduv-pakend\/#primaryimage"},"image":{"@id":"https:\/\/legarti.ee\/toode\/elektriline-vaikne-aiahakkur-ikra-ilh-2800-max-oksa-labimoot-44-mm-kahjustatud-voi-puuduv-pakend\/#primaryimage"},"thumbnailUrl":"https:\/\/legarti.ee\/wp-content\/uploads\/2026\/01\/61uDV4Cc0YL._AC_SL1500_.jpg","datePublished":"2026-01-04T12:35:12+00:00","dateModified":"2026-01-25T11:21:33+00:00","breadcrumb":{"@id":"https:\/\/legarti.ee\/ru\/toode\/elektriline-vaikne-aiahakkur-ikra-ilh-2800-max-oksa-labimoot-44-mm-kahjustatud-voi-puuduv-pakend\/#breadcrumb"},"inLanguage":"ru-RU","potentialAction":[{"@type":"ReadAction","target":[["https:\/\/legarti.ee\/ru\/toode\/elektriline-vaikne-aiahakkur-ikra-ilh-2800-max-oksa-labimoot-44-mm-kahjustatud-voi-puuduv-pakend\/"]]}]},{"@type":"ImageObject","inLanguage":"ru-RU","@id":"https:\/\/legarti.ee\/ru\/toode\/elektriline-vaikne-aiahakkur-ikra-ilh-2800-max-oksa-labimoot-44-mm-kahjustatud-voi-puuduv-pakend\/#primaryimage","url":"https:\/\/legarti.ee\/wp-content\/uploads\/2026\/01\/61uDV4Cc0YL._AC_SL1500_.jpg","contentUrl":"https:\/\/legarti.ee\/wp-content\/uploads\/2026\/01\/61uDV4Cc0YL._AC_SL1500_.jpg","width":834,"height":1500},{"@type":"BreadcrumbList","@id":"https:\/\/legarti.ee\/ru\/toode\/elektriline-vaikne-aiahakkur-ikra-ilh-2800-max-oksa-labimoot-44-mm-kahjustatud-voi-puuduv-pakend\/#breadcrumb","itemListElement":[{"@type":"ListItem","position":1,"name":"Avaleht","item":"https:\/\/legarti.ee\/ru\/"},{"@type":"ListItem","position":2,"name":"Pood &#038; Oksjon","item":"https:\/\/legarti.ee\/ru\/pood\/"},{"@type":"ListItem","position":3,"name":"Elektriline aiahakkur IKRA IMH 2800, 2800 W, max oksa l\u00e4bim\u00f5\u00f5t 45 mm, kogumiskott 45 l, kahjustatud v\u00f5i puuduv pakend"}]},{"@type":"WebSite","@id":"https:\/\/legarti.ee\/ru\/#website","url":"https:\/\/legarti.ee\/ru\/","name":"Legarti","description":"Legarti O\u00dc - \u044d\u0442\u043e \u043a\u043e\u043c\u043f\u0430\u043d\u0438\u044f, \u0441\u043f\u0435\u0446\u0438\u0430\u043b\u0438\u0437\u0438\u0440\u0443\u044e\u0449\u0430\u044f\u0441\u044f \u043d\u0430 \u043f\u0440\u043e\u0434\u0430\u0436\u0435 \u0442\u043e\u0432\u0430\u0440\u043e\u0432 \u0434\u043b\u044f \u0443\u043c\u043d\u043e\u0433\u043e \u0434\u043e\u043c\u0430.","publisher":{"@id":"https:\/\/legarti.ee\/ru\/#organization"},"alternateName":"Legarti","potentialAction":[{"@type":"SearchAction","target":{"@type":"EntryPoint","urlTemplate":"https:\/\/legarti.ee\/ru\/?s={search_term_string}"},"query-input":"required name=search_term_string"}],"inLanguage":"ru-RU"},{"@type":"Organization","@id":"https:\/\/legarti.ee\/ru\/#organization","name":"Legarti O\u00dc","alternateName":"Legarti","url":"https:\/\/legarti.ee\/ru\/","logo":{"@type":"ImageObject","inLanguage":"ru-RU","@id":"https:\/\/legarti.ee\/ru\/#\/schema\/logo\/image\/","url":"https:\/\/legarti.ee\/wp-content\/uploads\/2024\/04\/logo_legarti-muts.png","contentUrl":"https:\/\/legarti.ee\/wp-content\/uploads\/2024\/04\/logo_legarti-muts.png","width":600,"height":398,"caption":"Legarti O\u00dc"},"image":{"@id":"https:\/\/legarti.ee\/ru\/#\/schema\/logo\/image\/"}}]}},"_links":{"self":[{"href":"https:\/\/legarti.ee\/ru\/wp-json\/wp\/v2\/product\/336"}],"collection":[{"href":"https:\/\/legarti.ee\/ru\/wp-json\/wp\/v2\/product"}],"about":[{"href":"https:\/\/legarti.ee\/ru\/wp-json\/wp\/v2\/types\/product"}],"wp:featuredmedia":[{"embeddable":true,"href":"https:\/\/legarti.ee\/ru\/wp-json\/wp\/v2\/media\/346"}],"wp:attachment":[{"href":"https:\/\/legarti.ee\/ru\/wp-json\/wp\/v2\/media?parent=336"}],"wp:term":[{"taxonomy":"product_cat","embeddable":true,"href":"https:\/\/legarti.ee\/ru\/wp-json\/wp\/v2\/product_cat?post=336"},{"taxonomy":"product_tag","embeddable":true,"href":"https:\/\/legarti.ee\/ru\/wp-json\/wp\/v2\/product_tag?post=336"}],"curies":[{"name":"wp","href":"https:\/\/api.w.org\/{rel}","templated":true}]}}