{"id":163,"date":"2025-11-13T18:13:18","date_gmt":"2025-11-13T16:13:18","guid":{"rendered":"https:\/\/legarti.ee\/?post_type=product&#038;p=163"},"modified":"2026-02-11T10:32:46","modified_gmt":"2026-02-11T08:32:46","slug":"bissell-crosswave-c3-pro-tolmuimeja","status":"publish","type":"product","link":"https:\/\/legarti.ee\/ru\/toode\/bissell-crosswave-c3-pro-tolmuimeja\/","title":{"rendered":"\u041f\u044b\u043b\u0435\u0441\u043e\u0441 BISSELL CrossWave C3 Pro  DEMO, \u0449\u0451\u0442\u043a\u0430, \u043a\u0430\u0431\u0435\u043b\u044c\u043d\u044b\u0439 \u043e\u0447\u0438\u0441\u0442\u0438\u0442\u0435\u043b\u044c, \u043f\u044b\u043b\u0435\u0441\u043e\u0441, \u0441\u0442\u0438\u0440\u0430\u043b\u044c\u043d\u043e-\u0441\u0443\u0448\u0438\u043b\u044c\u043d\u043e\u0435 \u0443\u0441\u0442\u0440\u043e\u0439\u0441\u0442\u0432\u043e, \u0441\u0440\u0435\u0434\u0441\u0442\u0432\u043e \u0434\u043b\u044f \u0441\u0443\u0445\u043e\u0439 \u0438 \u0432\u043b\u0430\u0436\u043d\u043e\u0439 \u0443\u0431\u043e\u0440\u043a\u0438, \u043c\u043e\u0449\u043d\u0430\u044f \u0432\u043b\u0430\u0436\u043d\u0430\u044f \u0438 \u0441\u0443\u0445\u0430\u044f \u043e\u0447\u0438\u0441\u0442\u043a\u0430, \u0443\u043d\u0438\u0432\u0435\u0440\u0441\u0430\u043b\u044c\u043d\u044b\u0439 3-\u0432-1 \u043f\u0440\u0438\u0431\u043e\u0440 \u0434\u043b\u044f \u0440\u0430\u0437\u043d\u044b\u0445 \u043f\u043e\u0432\u0435\u0440\u0445\u043d\u043e\u0441\u0442\u0435\u0439, 3555N"},"content":{"rendered":"<p>\u041f\u044b\u043b\u0435\u0441\u043e\u0441 BISSELL CrossWave C3 Pro, \u0449\u0451\u0442\u043a\u0430, \u043a\u0430\u0431\u0435\u043b\u044c\u043d\u044b\u0439 \u043e\u0447\u0438\u0441\u0442\u0438\u0442\u0435\u043b\u044c, \u043f\u044b\u043b\u0435\u0441\u043e\u0441, \u0441\u0442\u0438\u0440\u0430\u043b\u044c\u043d\u043e-\u0441\u0443\u0448\u0438\u043b\u044c\u043d\u043e\u0435 \u0443\u0441\u0442\u0440\u043e\u0439\u0441\u0442\u0432\u043e, \u0441\u0440\u0435\u0434\u0441\u0442\u0432\u043e \u0434\u043b\u044f \u0441\u0443\u0445\u043e\u0439 \u0438 \u0432\u043b\u0430\u0436\u043d\u043e\u0439 \u0443\u0431\u043e\u0440\u043a\u0438, \u043c\u043e\u0449\u043d\u0430\u044f \u0432\u043b\u0430\u0436\u043d\u0430\u044f \u0438 \u0441\u0443\u0445\u0430\u044f \u043e\u0447\u0438\u0441\u0442\u043a\u0430, \u0443\u043d\u0438\u0432\u0435\u0440\u0441\u0430\u043b\u044c\u043d\u044b\u0439 3-\u0432-1 \u043f\u0440\u0438\u0431\u043e\u0440 \u0434\u043b\u044f \u0440\u0430\u0437\u043d\u044b\u0445 \u043f\u043e\u0432\u0435\u0440\u0445\u043d\u043e\u0441\u0442\u0435\u0439, 3555N<\/p>\n<p><span style=\"font-weight: 400;\">\u0412\u0435\u0440\u0442\u0438\u043a\u0430\u043b\u044c\u043d\u0430\u044f \u0448\u0432\u0430\u0431\u0440\u0430 Hoover Bissell Crosswave C3 Pro 3555N \u0434\u043b\u044f \u0432\u043b\u0430\u0436\u043d\u043e\u0439 \u0438 \u0441\u0443\u0445\u043e\u0439 \u0443\u0431\u043e\u0440\u043a\u0438 3W1.<\/span><\/p>\n<p><span style=\"font-weight: 400;\">\u0421\u043e\u0441\u0442\u043e\u044f\u043d\u0438\u0435: \u041c\u0430\u043b\u043e \u0438\u0441\u043f\u043e\u043b\u044c\u0437\u043e\u0432\u0430\u043d. (\u0412\u043e\u0437\u0432\u0440\u0430\u0442 \u0442\u043e\u0432\u0430\u0440\u043e\u0432).<\/span><\/p>\n<p><span style=\"font-weight: 400;\">\u0421\u043f\u0435\u0446\u0438\u0430\u043b\u044c\u043d\u0430\u044f \u043e\u0441\u043e\u0431\u0435\u043d\u043d\u043e\u0441\u0442\u044c: \u0411\u0435\u0437 \u043c\u0435\u0448\u043a\u0430 \u0434\u043b\u044f \u0441\u0431\u043e\u0440\u0430 \u043f\u044b\u043b\u0438, \u0444\u0430\u0440\u0430, \u043c\u043e\u044e\u0449\u0438\u0439\u0441\u044f \u0444\u0438\u043b\u044c\u0442\u0440, \u0432\u043b\u0430\u0436\u043d\u0430\u044f\/\u0441\u0443\u0445\u0430\u044f \u0443\u0431\u043e\u0440\u043a\u0430, \u043a\u043e\u043b\u0435\u0441\u0430.<\/span><\/p>\n<p><span style=\"font-weight: 400;\">\u0422\u0438\u043f \u0444\u0438\u043b\u044c\u0442\u0440\u0430: \u0410\u043d\u0442\u0438\u0430\u043b\u043b\u0435\u0440\u0433\u0435\u043d\u043d\u044b\u0439.<\/span><\/p>\n<p><span style=\"font-weight: 400;\">\u0420\u0435\u043a\u043e\u043c\u0435\u043d\u0434\u0430\u0446\u0438\u044f \u043f\u043e \u043f\u043e\u0432\u0435\u0440\u0445\u043d\u043e\u0441\u0442\u0438: \u0422\u0432\u0435\u0440\u0434\u044b\u0439 \u043f\u043e\u043b.<\/span><\/p>\n<p><span style=\"font-weight: 400;\">\u0418\u0441\u0442\u043e\u0447\u043d\u0438\u043a \u043f\u0438\u0442\u0430\u043d\u0438\u044f: \u041f\u0440\u043e\u0432\u043e\u0434\u043d\u043e\u0439 \u044d\u043b\u0435\u043a\u0442\u0440\u0438\u0447\u0435\u0441\u043a\u0438\u0439.<\/span><\/p>\n<p><span style=\"font-weight: 400;\">\u041d\u0430\u043f\u0440\u044f\u0436\u0435\u043d\u0438\u0435: 220 \u0412\u043e\u043b\u044c\u0442.<\/span><\/p>\n<p><span style=\"font-weight: 400;\">\u0412\u043a\u043b\u044e\u0447\u0435\u043d\u043d\u044b\u0435 \u043a\u043e\u043c\u043f\u043e\u043d\u0435\u043d\u0442\u044b: \u0417\u0430\u0440\u044f\u0434\u043d\u0430\u044f \u0434\u043e\u043a-\u0441\u0442\u0430\u043d\u0446\u0438\u044f.<\/span><\/p>\n<p><span style=\"font-weight: 400;\">\u0411\u0435\u0441\u043f\u0440\u043e\u0432\u043e\u0434\u043d\u043e\u0439: \u041d\u0435\u0442.<\/span><\/p>\n<p><span style=\"font-weight: 400;\">\u0412\u0435\u0441 \u0442\u043e\u0432\u0430\u0440\u0430: 5 \u043a\u0438\u043b\u043e\u0433\u0440\u0430\u043c\u043c\u043e\u0432.<\/span><\/p>\n<p><span style=\"font-weight: 400;\">\u0415\u043c\u043a\u043e\u0441\u0442\u044c: 0,82 \u043b\u0438\u0442\u0440\u0430.<\/span><\/p>","protected":false},"excerpt":{"rendered":"<p><strong>\u0426\u0435\u043d\u0430 \u0443\u043a\u0430\u0437\u0430\u043d\u0430 \u0437\u0430 1 \u0448\u0442<\/strong><\/p>\n","protected":false},"featured_media":166,"template":"","meta":[],"product_cat":[23,26],"product_tag":[],"yoast_head":"<!-- This site is optimized with the Yoast SEO plugin v22.6 - https:\/\/yoast.com\/wordpress\/plugins\/seo\/ -->\n<title>\u041f\u044b\u043b\u0435\u0441\u043e\u0441 BISSELL CrossWave C3 Pro DEMO, \u0449\u0451\u0442\u043a\u0430, \u043a\u0430\u0431\u0435\u043b\u044c\u043d\u044b\u0439 \u043e\u0447\u0438\u0441\u0442\u0438\u0442\u0435\u043b\u044c, \u043f\u044b\u043b\u0435\u0441\u043e\u0441, \u0441\u0442\u0438\u0440\u0430\u043b\u044c\u043d\u043e-\u0441\u0443\u0448\u0438\u043b\u044c\u043d\u043e\u0435 \u0443\u0441\u0442\u0440\u043e\u0439\u0441\u0442\u0432\u043e, \u0441\u0440\u0435\u0434\u0441\u0442\u0432\u043e \u0434\u043b\u044f \u0441\u0443\u0445\u043e\u0439 \u0438 \u0432\u043b\u0430\u0436\u043d\u043e\u0439 \u0443\u0431\u043e\u0440\u043a\u0438, \u043c\u043e\u0449\u043d\u0430\u044f \u0432\u043b\u0430\u0436\u043d\u0430\u044f \u0438 \u0441\u0443\u0445\u0430\u044f \u043e\u0447\u0438\u0441\u0442\u043a\u0430, \u0443\u043d\u0438\u0432\u0435\u0440\u0441\u0430\u043b\u044c\u043d\u044b\u0439 3-\u0432-1 \u043f\u0440\u0438\u0431\u043e\u0440 \u0434\u043b\u044f \u0440\u0430\u0437\u043d\u044b\u0445 \u043f\u043e\u0432\u0435\u0440\u0445\u043d\u043e\u0441\u0442\u0435\u0439, 3555N | Legarti<\/title>\n<meta name=\"robots\" content=\"index, follow, max-snippet:-1, max-image-preview:large, max-video-preview:-1\" \/>\n<link rel=\"canonical\" href=\"https:\/\/legarti.ee\/ru\/toode\/bissell-crosswave-c3-pro-tolmuimeja\/\" \/>\n<meta property=\"og:locale\" content=\"ru_RU\" \/>\n<meta property=\"og:type\" content=\"article\" \/>\n<meta property=\"og:title\" content=\"\u041f\u044b\u043b\u0435\u0441\u043e\u0441 BISSELL CrossWave C3 Pro DEMO, \u0449\u0451\u0442\u043a\u0430, \u043a\u0430\u0431\u0435\u043b\u044c\u043d\u044b\u0439 \u043e\u0447\u0438\u0441\u0442\u0438\u0442\u0435\u043b\u044c, \u043f\u044b\u043b\u0435\u0441\u043e\u0441, \u0441\u0442\u0438\u0440\u0430\u043b\u044c\u043d\u043e-\u0441\u0443\u0448\u0438\u043b\u044c\u043d\u043e\u0435 \u0443\u0441\u0442\u0440\u043e\u0439\u0441\u0442\u0432\u043e, \u0441\u0440\u0435\u0434\u0441\u0442\u0432\u043e \u0434\u043b\u044f \u0441\u0443\u0445\u043e\u0439 \u0438 \u0432\u043b\u0430\u0436\u043d\u043e\u0439 \u0443\u0431\u043e\u0440\u043a\u0438, \u043c\u043e\u0449\u043d\u0430\u044f \u0432\u043b\u0430\u0436\u043d\u0430\u044f \u0438 \u0441\u0443\u0445\u0430\u044f \u043e\u0447\u0438\u0441\u0442\u043a\u0430, \u0443\u043d\u0438\u0432\u0435\u0440\u0441\u0430\u043b\u044c\u043d\u044b\u0439 3-\u0432-1 \u043f\u0440\u0438\u0431\u043e\u0440 \u0434\u043b\u044f \u0440\u0430\u0437\u043d\u044b\u0445 \u043f\u043e\u0432\u0435\u0440\u0445\u043d\u043e\u0441\u0442\u0435\u0439, 3555N | Legarti\" \/>\n<meta property=\"og:description\" content=\"\u0426\u0435\u043d\u0430 \u0443\u043a\u0430\u0437\u0430\u043d\u0430 \u0437\u0430 1 \u0448\u0442\" \/>\n<meta property=\"og:url\" content=\"https:\/\/legarti.ee\/ru\/toode\/bissell-crosswave-c3-pro-tolmuimeja\/\" \/>\n<meta property=\"og:site_name\" content=\"Legarti\" \/>\n<meta property=\"article:modified_time\" content=\"2026-02-11T08:32:46+00:00\" \/>\n<meta property=\"og:image\" content=\"https:\/\/legarti.ee\/wp-content\/uploads\/2025\/11\/02.jpeg\" \/>\n\t<meta property=\"og:image:width\" content=\"720\" \/>\n\t<meta property=\"og:image:height\" content=\"558\" \/>\n\t<meta property=\"og:image:type\" content=\"image\/jpeg\" \/>\n<meta name=\"twitter:card\" content=\"summary_large_image\" \/>\n<meta name=\"twitter:label1\" content=\"\u041f\u0440\u0438\u043c\u0435\u0440\u043d\u043e\u0435 \u0432\u0440\u0435\u043c\u044f \u0434\u043b\u044f \u0447\u0442\u0435\u043d\u0438\u044f\" \/>\n\t<meta name=\"twitter:data1\" content=\"1 \u043c\u0438\u043d\u0443\u0442\u0430\" \/>\n<script type=\"application\/ld+json\" class=\"yoast-schema-graph\">{\"@context\":\"https:\/\/schema.org\",\"@graph\":[{\"@type\":\"WebPage\",\"@id\":\"https:\/\/legarti.ee\/ru\/toode\/bissell-crosswave-c3-pro-tolmuimeja\/\",\"url\":\"https:\/\/legarti.ee\/ru\/toode\/bissell-crosswave-c3-pro-tolmuimeja\/\",\"name\":\"\u041f\u044b\u043b\u0435\u0441\u043e\u0441 BISSELL CrossWave C3 Pro DEMO, \u0449\u0451\u0442\u043a\u0430, \u043a\u0430\u0431\u0435\u043b\u044c\u043d\u044b\u0439 \u043e\u0447\u0438\u0441\u0442\u0438\u0442\u0435\u043b\u044c, \u043f\u044b\u043b\u0435\u0441\u043e\u0441, \u0441\u0442\u0438\u0440\u0430\u043b\u044c\u043d\u043e-\u0441\u0443\u0448\u0438\u043b\u044c\u043d\u043e\u0435 \u0443\u0441\u0442\u0440\u043e\u0439\u0441\u0442\u0432\u043e, \u0441\u0440\u0435\u0434\u0441\u0442\u0432\u043e \u0434\u043b\u044f \u0441\u0443\u0445\u043e\u0439 \u0438 \u0432\u043b\u0430\u0436\u043d\u043e\u0439 \u0443\u0431\u043e\u0440\u043a\u0438, \u043c\u043e\u0449\u043d\u0430\u044f \u0432\u043b\u0430\u0436\u043d\u0430\u044f \u0438 \u0441\u0443\u0445\u0430\u044f \u043e\u0447\u0438\u0441\u0442\u043a\u0430, \u0443\u043d\u0438\u0432\u0435\u0440\u0441\u0430\u043b\u044c\u043d\u044b\u0439 3-\u0432-1 \u043f\u0440\u0438\u0431\u043e\u0440 \u0434\u043b\u044f \u0440\u0430\u0437\u043d\u044b\u0445 \u043f\u043e\u0432\u0435\u0440\u0445\u043d\u043e\u0441\u0442\u0435\u0439, 3555N | Legarti\",\"isPartOf\":{\"@id\":\"https:\/\/legarti.ee\/ru\/#website\"},\"primaryImageOfPage\":{\"@id\":\"https:\/\/legarti.ee\/ru\/toode\/bissell-crosswave-c3-pro-tolmuimeja\/#primaryimage\"},\"image\":{\"@id\":\"https:\/\/legarti.ee\/toode\/bissell-crosswave-c3-pro-tolmuimeja\/#primaryimage\"},\"thumbnailUrl\":\"https:\/\/legarti.ee\/wp-content\/uploads\/2025\/11\/02.jpeg\",\"datePublished\":\"2025-11-13T16:13:18+00:00\",\"dateModified\":\"2026-02-11T08:32:46+00:00\",\"breadcrumb\":{\"@id\":\"https:\/\/legarti.ee\/ru\/toode\/bissell-crosswave-c3-pro-tolmuimeja\/#breadcrumb\"},\"inLanguage\":\"ru-RU\",\"potentialAction\":[{\"@type\":\"ReadAction\",\"target\":[[\"https:\/\/legarti.ee\/ru\/toode\/bissell-crosswave-c3-pro-tolmuimeja\/\"]]}]},{\"@type\":\"ImageObject\",\"inLanguage\":\"ru-RU\",\"@id\":\"https:\/\/legarti.ee\/ru\/toode\/bissell-crosswave-c3-pro-tolmuimeja\/#primaryimage\",\"url\":\"https:\/\/legarti.ee\/wp-content\/uploads\/2025\/11\/02.jpeg\",\"contentUrl\":\"https:\/\/legarti.ee\/wp-content\/uploads\/2025\/11\/02.jpeg\",\"width\":720,\"height\":558,\"caption\":\"058c6af8673d01f8f75e3575c65b1fd722926717b46983c2ddec8c1154b97a6da05008f5c7509a8c5f3d8cd603373dcfa8eb01ed51bf07911b1fa08629589c4e8f3cb55eafa8b55cbbc7f2ba2b62f627\"},{\"@type\":\"BreadcrumbList\",\"@id\":\"https:\/\/legarti.ee\/ru\/toode\/bissell-crosswave-c3-pro-tolmuimeja\/#breadcrumb\",\"itemListElement\":[{\"@type\":\"ListItem\",\"position\":1,\"name\":\"Avaleht\",\"item\":\"https:\/\/legarti.ee\/ru\/\"},{\"@type\":\"ListItem\",\"position\":2,\"name\":\"Pood &#038; Oksjon\",\"item\":\"https:\/\/legarti.ee\/ru\/pood\/\"},{\"@type\":\"ListItem\",\"position\":3,\"name\":\"BISSELL CrossWave C3 Pro tolmuimeja DEMO, hari, kaablipesur, tolmuimeja, pesumasin ja kuivati, tolmu- ja veepuhastusvahend, v\u00f5imas m\u00e4rg- ja kuivpuhastus, 3-\u00fches puhastusvahend mitmele pinnale\"}]},{\"@type\":\"WebSite\",\"@id\":\"https:\/\/legarti.ee\/ru\/#website\",\"url\":\"https:\/\/legarti.ee\/ru\/\",\"name\":\"Legarti\",\"description\":\"Legarti O\u00dc - \u044d\u0442\u043e \u043a\u043e\u043c\u043f\u0430\u043d\u0438\u044f, \u0441\u043f\u0435\u0446\u0438\u0430\u043b\u0438\u0437\u0438\u0440\u0443\u044e\u0449\u0430\u044f\u0441\u044f \u043d\u0430 \u043f\u0440\u043e\u0434\u0430\u0436\u0435 \u0442\u043e\u0432\u0430\u0440\u043e\u0432 \u0434\u043b\u044f \u0443\u043c\u043d\u043e\u0433\u043e \u0434\u043e\u043c\u0430.\",\"publisher\":{\"@id\":\"https:\/\/legarti.ee\/ru\/#organization\"},\"alternateName\":\"Legarti\",\"potentialAction\":[{\"@type\":\"SearchAction\",\"target\":{\"@type\":\"EntryPoint\",\"urlTemplate\":\"https:\/\/legarti.ee\/ru\/?s={search_term_string}\"},\"query-input\":\"required name=search_term_string\"}],\"inLanguage\":\"ru-RU\"},{\"@type\":\"Organization\",\"@id\":\"https:\/\/legarti.ee\/ru\/#organization\",\"name\":\"Legarti O\u00dc\",\"alternateName\":\"Legarti\",\"url\":\"https:\/\/legarti.ee\/ru\/\",\"logo\":{\"@type\":\"ImageObject\",\"inLanguage\":\"ru-RU\",\"@id\":\"https:\/\/legarti.ee\/ru\/#\/schema\/logo\/image\/\",\"url\":\"https:\/\/legarti.ee\/wp-content\/uploads\/2024\/04\/logo_legarti-muts.png\",\"contentUrl\":\"https:\/\/legarti.ee\/wp-content\/uploads\/2024\/04\/logo_legarti-muts.png\",\"width\":600,\"height\":398,\"caption\":\"Legarti O\u00dc\"},\"image\":{\"@id\":\"https:\/\/legarti.ee\/ru\/#\/schema\/logo\/image\/\"}}]}<\/script>\n<!-- \/ Yoast SEO plugin. -->","yoast_head_json":{"title":"\u041f\u044b\u043b\u0435\u0441\u043e\u0441 BISSELL CrossWave C3 Pro DEMO, \u0449\u0451\u0442\u043a\u0430, \u043a\u0430\u0431\u0435\u043b\u044c\u043d\u044b\u0439 \u043e\u0447\u0438\u0441\u0442\u0438\u0442\u0435\u043b\u044c, \u043f\u044b\u043b\u0435\u0441\u043e\u0441, \u0441\u0442\u0438\u0440\u0430\u043b\u044c\u043d\u043e-\u0441\u0443\u0448\u0438\u043b\u044c\u043d\u043e\u0435 \u0443\u0441\u0442\u0440\u043e\u0439\u0441\u0442\u0432\u043e, \u0441\u0440\u0435\u0434\u0441\u0442\u0432\u043e \u0434\u043b\u044f \u0441\u0443\u0445\u043e\u0439 \u0438 \u0432\u043b\u0430\u0436\u043d\u043e\u0439 \u0443\u0431\u043e\u0440\u043a\u0438, \u043c\u043e\u0449\u043d\u0430\u044f \u0432\u043b\u0430\u0436\u043d\u0430\u044f \u0438 \u0441\u0443\u0445\u0430\u044f \u043e\u0447\u0438\u0441\u0442\u043a\u0430, \u0443\u043d\u0438\u0432\u0435\u0440\u0441\u0430\u043b\u044c\u043d\u044b\u0439 3-\u0432-1 \u043f\u0440\u0438\u0431\u043e\u0440 \u0434\u043b\u044f \u0440\u0430\u0437\u043d\u044b\u0445 \u043f\u043e\u0432\u0435\u0440\u0445\u043d\u043e\u0441\u0442\u0435\u0439, 3555N | Legarti","robots":{"index":"index","follow":"follow","max-snippet":"max-snippet:-1","max-image-preview":"max-image-preview:large","max-video-preview":"max-video-preview:-1"},"canonical":"https:\/\/legarti.ee\/ru\/toode\/bissell-crosswave-c3-pro-tolmuimeja\/","og_locale":"ru_RU","og_type":"article","og_title":"\u041f\u044b\u043b\u0435\u0441\u043e\u0441 BISSELL CrossWave C3 Pro DEMO, \u0449\u0451\u0442\u043a\u0430, \u043a\u0430\u0431\u0435\u043b\u044c\u043d\u044b\u0439 \u043e\u0447\u0438\u0441\u0442\u0438\u0442\u0435\u043b\u044c, \u043f\u044b\u043b\u0435\u0441\u043e\u0441, \u0441\u0442\u0438\u0440\u0430\u043b\u044c\u043d\u043e-\u0441\u0443\u0448\u0438\u043b\u044c\u043d\u043e\u0435 \u0443\u0441\u0442\u0440\u043e\u0439\u0441\u0442\u0432\u043e, \u0441\u0440\u0435\u0434\u0441\u0442\u0432\u043e \u0434\u043b\u044f \u0441\u0443\u0445\u043e\u0439 \u0438 \u0432\u043b\u0430\u0436\u043d\u043e\u0439 \u0443\u0431\u043e\u0440\u043a\u0438, \u043c\u043e\u0449\u043d\u0430\u044f \u0432\u043b\u0430\u0436\u043d\u0430\u044f \u0438 \u0441\u0443\u0445\u0430\u044f \u043e\u0447\u0438\u0441\u0442\u043a\u0430, \u0443\u043d\u0438\u0432\u0435\u0440\u0441\u0430\u043b\u044c\u043d\u044b\u0439 3-\u0432-1 \u043f\u0440\u0438\u0431\u043e\u0440 \u0434\u043b\u044f \u0440\u0430\u0437\u043d\u044b\u0445 \u043f\u043e\u0432\u0435\u0440\u0445\u043d\u043e\u0441\u0442\u0435\u0439, 3555N | Legarti","og_description":"\u0426\u0435\u043d\u0430 \u0443\u043a\u0430\u0437\u0430\u043d\u0430 \u0437\u0430 1 \u0448\u0442","og_url":"https:\/\/legarti.ee\/ru\/toode\/bissell-crosswave-c3-pro-tolmuimeja\/","og_site_name":"Legarti","article_modified_time":"2026-02-11T08:32:46+00:00","og_image":[{"width":720,"height":558,"url":"https:\/\/legarti.ee\/wp-content\/uploads\/2025\/11\/02.jpeg","type":"image\/jpeg"}],"twitter_card":"summary_large_image","twitter_misc":{"\u041f\u0440\u0438\u043c\u0435\u0440\u043d\u043e\u0435 \u0432\u0440\u0435\u043c\u044f \u0434\u043b\u044f \u0447\u0442\u0435\u043d\u0438\u044f":"1 \u043c\u0438\u043d\u0443\u0442\u0430"},"schema":{"@context":"https:\/\/schema.org","@graph":[{"@type":"WebPage","@id":"https:\/\/legarti.ee\/ru\/toode\/bissell-crosswave-c3-pro-tolmuimeja\/","url":"https:\/\/legarti.ee\/ru\/toode\/bissell-crosswave-c3-pro-tolmuimeja\/","name":"\u041f\u044b\u043b\u0435\u0441\u043e\u0441 BISSELL CrossWave C3 Pro DEMO, \u0449\u0451\u0442\u043a\u0430, \u043a\u0430\u0431\u0435\u043b\u044c\u043d\u044b\u0439 \u043e\u0447\u0438\u0441\u0442\u0438\u0442\u0435\u043b\u044c, \u043f\u044b\u043b\u0435\u0441\u043e\u0441, \u0441\u0442\u0438\u0440\u0430\u043b\u044c\u043d\u043e-\u0441\u0443\u0448\u0438\u043b\u044c\u043d\u043e\u0435 \u0443\u0441\u0442\u0440\u043e\u0439\u0441\u0442\u0432\u043e, \u0441\u0440\u0435\u0434\u0441\u0442\u0432\u043e \u0434\u043b\u044f \u0441\u0443\u0445\u043e\u0439 \u0438 \u0432\u043b\u0430\u0436\u043d\u043e\u0439 \u0443\u0431\u043e\u0440\u043a\u0438, \u043c\u043e\u0449\u043d\u0430\u044f \u0432\u043b\u0430\u0436\u043d\u0430\u044f \u0438 \u0441\u0443\u0445\u0430\u044f \u043e\u0447\u0438\u0441\u0442\u043a\u0430, \u0443\u043d\u0438\u0432\u0435\u0440\u0441\u0430\u043b\u044c\u043d\u044b\u0439 3-\u0432-1 \u043f\u0440\u0438\u0431\u043e\u0440 \u0434\u043b\u044f \u0440\u0430\u0437\u043d\u044b\u0445 \u043f\u043e\u0432\u0435\u0440\u0445\u043d\u043e\u0441\u0442\u0435\u0439, 3555N | Legarti","isPartOf":{"@id":"https:\/\/legarti.ee\/ru\/#website"},"primaryImageOfPage":{"@id":"https:\/\/legarti.ee\/ru\/toode\/bissell-crosswave-c3-pro-tolmuimeja\/#primaryimage"},"image":{"@id":"https:\/\/legarti.ee\/toode\/bissell-crosswave-c3-pro-tolmuimeja\/#primaryimage"},"thumbnailUrl":"https:\/\/legarti.ee\/wp-content\/uploads\/2025\/11\/02.jpeg","datePublished":"2025-11-13T16:13:18+00:00","dateModified":"2026-02-11T08:32:46+00:00","breadcrumb":{"@id":"https:\/\/legarti.ee\/ru\/toode\/bissell-crosswave-c3-pro-tolmuimeja\/#breadcrumb"},"inLanguage":"ru-RU","potentialAction":[{"@type":"ReadAction","target":[["https:\/\/legarti.ee\/ru\/toode\/bissell-crosswave-c3-pro-tolmuimeja\/"]]}]},{"@type":"ImageObject","inLanguage":"ru-RU","@id":"https:\/\/legarti.ee\/ru\/toode\/bissell-crosswave-c3-pro-tolmuimeja\/#primaryimage","url":"https:\/\/legarti.ee\/wp-content\/uploads\/2025\/11\/02.jpeg","contentUrl":"https:\/\/legarti.ee\/wp-content\/uploads\/2025\/11\/02.jpeg","width":720,"height":558,"caption":"058c6af8673d01f8f75e3575c65b1fd722926717b46983c2ddec8c1154b97a6da05008f5c7509a8c5f3d8cd603373dcfa8eb01ed51bf07911b1fa08629589c4e8f3cb55eafa8b55cbbc7f2ba2b62f627"},{"@type":"BreadcrumbList","@id":"https:\/\/legarti.ee\/ru\/toode\/bissell-crosswave-c3-pro-tolmuimeja\/#breadcrumb","itemListElement":[{"@type":"ListItem","position":1,"name":"Avaleht","item":"https:\/\/legarti.ee\/ru\/"},{"@type":"ListItem","position":2,"name":"Pood &#038; Oksjon","item":"https:\/\/legarti.ee\/ru\/pood\/"},{"@type":"ListItem","position":3,"name":"BISSELL CrossWave C3 Pro tolmuimeja DEMO, hari, kaablipesur, tolmuimeja, pesumasin ja kuivati, tolmu- ja veepuhastusvahend, v\u00f5imas m\u00e4rg- ja kuivpuhastus, 3-\u00fches puhastusvahend mitmele pinnale"}]},{"@type":"WebSite","@id":"https:\/\/legarti.ee\/ru\/#website","url":"https:\/\/legarti.ee\/ru\/","name":"Legarti","description":"Legarti O\u00dc - \u044d\u0442\u043e \u043a\u043e\u043c\u043f\u0430\u043d\u0438\u044f, \u0441\u043f\u0435\u0446\u0438\u0430\u043b\u0438\u0437\u0438\u0440\u0443\u044e\u0449\u0430\u044f\u0441\u044f \u043d\u0430 \u043f\u0440\u043e\u0434\u0430\u0436\u0435 \u0442\u043e\u0432\u0430\u0440\u043e\u0432 \u0434\u043b\u044f \u0443\u043c\u043d\u043e\u0433\u043e \u0434\u043e\u043c\u0430.","publisher":{"@id":"https:\/\/legarti.ee\/ru\/#organization"},"alternateName":"Legarti","potentialAction":[{"@type":"SearchAction","target":{"@type":"EntryPoint","urlTemplate":"https:\/\/legarti.ee\/ru\/?s={search_term_string}"},"query-input":"required name=search_term_string"}],"inLanguage":"ru-RU"},{"@type":"Organization","@id":"https:\/\/legarti.ee\/ru\/#organization","name":"Legarti O\u00dc","alternateName":"Legarti","url":"https:\/\/legarti.ee\/ru\/","logo":{"@type":"ImageObject","inLanguage":"ru-RU","@id":"https:\/\/legarti.ee\/ru\/#\/schema\/logo\/image\/","url":"https:\/\/legarti.ee\/wp-content\/uploads\/2024\/04\/logo_legarti-muts.png","contentUrl":"https:\/\/legarti.ee\/wp-content\/uploads\/2024\/04\/logo_legarti-muts.png","width":600,"height":398,"caption":"Legarti O\u00dc"},"image":{"@id":"https:\/\/legarti.ee\/ru\/#\/schema\/logo\/image\/"}}]}},"_links":{"self":[{"href":"https:\/\/legarti.ee\/ru\/wp-json\/wp\/v2\/product\/163"}],"collection":[{"href":"https:\/\/legarti.ee\/ru\/wp-json\/wp\/v2\/product"}],"about":[{"href":"https:\/\/legarti.ee\/ru\/wp-json\/wp\/v2\/types\/product"}],"wp:featuredmedia":[{"embeddable":true,"href":"https:\/\/legarti.ee\/ru\/wp-json\/wp\/v2\/media\/166"}],"wp:attachment":[{"href":"https:\/\/legarti.ee\/ru\/wp-json\/wp\/v2\/media?parent=163"}],"wp:term":[{"taxonomy":"product_cat","embeddable":true,"href":"https:\/\/legarti.ee\/ru\/wp-json\/wp\/v2\/product_cat?post=163"},{"taxonomy":"product_tag","embeddable":true,"href":"https:\/\/legarti.ee\/ru\/wp-json\/wp\/v2\/product_tag?post=163"}],"curies":[{"name":"wp","href":"https:\/\/api.w.org\/{rel}","templated":true}]}}