{"id":790,"date":"2026-04-23T12:53:17","date_gmt":"2026-04-23T09:53:17","guid":{"rendered":"https:\/\/legarti.ee\/?post_type=product&#038;p=790"},"modified":"2026-04-23T12:53:17","modified_gmt":"2026-04-23T09:53:17","slug":"onemore-4-kupsetusvormid-on-madalad","status":"publish","type":"product","link":"https:\/\/legarti.ee\/en\/toode\/onemore-4-kupsetusvormid-on-madalad\/","title":{"rendered":"The ONEMORE 4 baking dishes are shallow"},"content":{"rendered":"<p>The ONEMORE 4 baking dishes are shallow, oven-safe cr\u00e8me br\u00fbl\u00e9e dishes with a ribbed surface.<br \/>\nOven, refrigerator, freezer, microwave, and dishwasher safe.<br \/>\nMaterial: Ceramic.<br \/>\nWeight: 1.34 kilograms.<br \/>\nShape: Round.<br \/>\nFinish: Non-stick.<br \/>\nStyle: Ribbed.<br \/>\nColor: Creamy white.<\/p>","protected":false},"excerpt":{"rendered":"<p>The ONEMORE 4 baking dishes are shallow, oven-safe cr\u00e8me br\u00fbl\u00e9e dishes with a ribbed surface. Oven, refrigerator, freezer, microwave, and<\/p>\n","protected":false},"featured_media":791,"template":"","meta":[],"product_cat":[26],"product_tag":[],"yoast_head":"<!-- This site is optimized with the Yoast SEO plugin v22.6 - https:\/\/yoast.com\/wordpress\/plugins\/seo\/ -->\n<title>The ONEMORE 4 baking dishes are shallow | Legarti<\/title>\n<meta name=\"robots\" content=\"index, follow, max-snippet:-1, max-image-preview:large, max-video-preview:-1\" \/>\n<link rel=\"canonical\" href=\"https:\/\/legarti.ee\/en\/toode\/onemore-4-kupsetusvormid-on-madalad\/\" \/>\n<meta property=\"og:locale\" content=\"en_US\" \/>\n<meta property=\"og:type\" content=\"article\" \/>\n<meta property=\"og:title\" content=\"The ONEMORE 4 baking dishes are shallow | Legarti\" \/>\n<meta property=\"og:description\" content=\"The ONEMORE 4 baking dishes are shallow, oven-safe cr\u00e8me br\u00fbl\u00e9e dishes with a ribbed surface. Oven, refrigerator, freezer, microwave, and\" \/>\n<meta property=\"og:url\" content=\"https:\/\/legarti.ee\/en\/toode\/onemore-4-kupsetusvormid-on-madalad\/\" \/>\n<meta property=\"og:site_name\" content=\"Legarti\" \/>\n<meta property=\"og:image\" content=\"https:\/\/legarti.ee\/wp-content\/uploads\/2026\/04\/01.webp\" \/>\n\t<meta property=\"og:image:width\" content=\"1500\" \/>\n\t<meta property=\"og:image:height\" content=\"1470\" \/>\n\t<meta property=\"og:image:type\" content=\"image\/webp\" \/>\n<meta name=\"twitter:card\" content=\"summary_large_image\" \/>\n<meta name=\"twitter:label1\" content=\"Est. reading time\" \/>\n\t<meta name=\"twitter:data1\" content=\"1 minute\" \/>\n<script type=\"application\/ld+json\" class=\"yoast-schema-graph\">{\"@context\":\"https:\/\/schema.org\",\"@graph\":[{\"@type\":\"WebPage\",\"@id\":\"https:\/\/legarti.ee\/en\/toode\/onemore-4-kupsetusvormid-on-madalad\/\",\"url\":\"https:\/\/legarti.ee\/en\/toode\/onemore-4-kupsetusvormid-on-madalad\/\",\"name\":\"The ONEMORE 4 baking dishes are shallow | Legarti\",\"isPartOf\":{\"@id\":\"https:\/\/legarti.ee\/en\/#website\"},\"primaryImageOfPage\":{\"@id\":\"https:\/\/legarti.ee\/en\/toode\/onemore-4-kupsetusvormid-on-madalad\/#primaryimage\"},\"image\":{\"@id\":\"https:\/\/legarti.ee\/toode\/onemore-4-kupsetusvormid-on-madalad\/#primaryimage\"},\"thumbnailUrl\":\"https:\/\/legarti.ee\/wp-content\/uploads\/2026\/04\/01.webp\",\"datePublished\":\"2026-04-23T09:53:17+00:00\",\"dateModified\":\"2026-04-23T09:53:17+00:00\",\"breadcrumb\":{\"@id\":\"https:\/\/legarti.ee\/en\/toode\/onemore-4-kupsetusvormid-on-madalad\/#breadcrumb\"},\"inLanguage\":\"en-US\",\"potentialAction\":[{\"@type\":\"ReadAction\",\"target\":[[\"https:\/\/legarti.ee\/en\/toode\/onemore-4-kupsetusvormid-on-madalad\/\"]]}]},{\"@type\":\"ImageObject\",\"inLanguage\":\"en-US\",\"@id\":\"https:\/\/legarti.ee\/en\/toode\/onemore-4-kupsetusvormid-on-madalad\/#primaryimage\",\"url\":\"https:\/\/legarti.ee\/wp-content\/uploads\/2026\/04\/01.webp\",\"contentUrl\":\"https:\/\/legarti.ee\/wp-content\/uploads\/2026\/04\/01.webp\",\"width\":1500,\"height\":1470},{\"@type\":\"BreadcrumbList\",\"@id\":\"https:\/\/legarti.ee\/en\/toode\/onemore-4-kupsetusvormid-on-madalad\/#breadcrumb\",\"itemListElement\":[{\"@type\":\"ListItem\",\"position\":1,\"name\":\"Avaleht\",\"item\":\"https:\/\/legarti.ee\/en\/\"},{\"@type\":\"ListItem\",\"position\":2,\"name\":\"Pood &#038; Oksjon\",\"item\":\"https:\/\/legarti.ee\/en\/pood\/\"},{\"@type\":\"ListItem\",\"position\":3,\"name\":\"\u0424\u043e\u0440\u043c\u043e\u0447\u043a\u0438 \u0434\u043b\u044f \u0437\u0430\u043f\u0435\u043a\u0430\u043d\u0438\u044f ONEMORE 4\"}]},{\"@type\":\"WebSite\",\"@id\":\"https:\/\/legarti.ee\/en\/#website\",\"url\":\"https:\/\/legarti.ee\/en\/\",\"name\":\"Legarti\",\"description\":\"Legarti O\u00dc is a company specializing in the sale of smart home products.\",\"publisher\":{\"@id\":\"https:\/\/legarti.ee\/en\/#organization\"},\"alternateName\":\"Legarti\",\"potentialAction\":[{\"@type\":\"SearchAction\",\"target\":{\"@type\":\"EntryPoint\",\"urlTemplate\":\"https:\/\/legarti.ee\/en\/?s={search_term_string}\"},\"query-input\":\"required name=search_term_string\"}],\"inLanguage\":\"en-US\"},{\"@type\":\"Organization\",\"@id\":\"https:\/\/legarti.ee\/en\/#organization\",\"name\":\"Legarti O\u00dc\",\"alternateName\":\"Legarti\",\"url\":\"https:\/\/legarti.ee\/en\/\",\"logo\":{\"@type\":\"ImageObject\",\"inLanguage\":\"en-US\",\"@id\":\"https:\/\/legarti.ee\/en\/#\/schema\/logo\/image\/\",\"url\":\"https:\/\/legarti.ee\/wp-content\/uploads\/2024\/04\/logo_legarti-muts.png\",\"contentUrl\":\"https:\/\/legarti.ee\/wp-content\/uploads\/2024\/04\/logo_legarti-muts.png\",\"width\":600,\"height\":398,\"caption\":\"Legarti O\u00dc\"},\"image\":{\"@id\":\"https:\/\/legarti.ee\/en\/#\/schema\/logo\/image\/\"}}]}<\/script>\n<!-- \/ Yoast SEO plugin. -->","yoast_head_json":{"title":"The ONEMORE 4 baking dishes are shallow | Legarti","robots":{"index":"index","follow":"follow","max-snippet":"max-snippet:-1","max-image-preview":"max-image-preview:large","max-video-preview":"max-video-preview:-1"},"canonical":"https:\/\/legarti.ee\/en\/toode\/onemore-4-kupsetusvormid-on-madalad\/","og_locale":"en_US","og_type":"article","og_title":"The ONEMORE 4 baking dishes are shallow | Legarti","og_description":"The ONEMORE 4 baking dishes are shallow, oven-safe cr\u00e8me br\u00fbl\u00e9e dishes with a ribbed surface. Oven, refrigerator, freezer, microwave, and","og_url":"https:\/\/legarti.ee\/en\/toode\/onemore-4-kupsetusvormid-on-madalad\/","og_site_name":"Legarti","og_image":[{"width":1500,"height":1470,"url":"https:\/\/legarti.ee\/wp-content\/uploads\/2026\/04\/01.webp","type":"image\/webp"}],"twitter_card":"summary_large_image","twitter_misc":{"Est. reading time":"1 minute"},"schema":{"@context":"https:\/\/schema.org","@graph":[{"@type":"WebPage","@id":"https:\/\/legarti.ee\/en\/toode\/onemore-4-kupsetusvormid-on-madalad\/","url":"https:\/\/legarti.ee\/en\/toode\/onemore-4-kupsetusvormid-on-madalad\/","name":"The ONEMORE 4 baking dishes are shallow | Legarti","isPartOf":{"@id":"https:\/\/legarti.ee\/en\/#website"},"primaryImageOfPage":{"@id":"https:\/\/legarti.ee\/en\/toode\/onemore-4-kupsetusvormid-on-madalad\/#primaryimage"},"image":{"@id":"https:\/\/legarti.ee\/toode\/onemore-4-kupsetusvormid-on-madalad\/#primaryimage"},"thumbnailUrl":"https:\/\/legarti.ee\/wp-content\/uploads\/2026\/04\/01.webp","datePublished":"2026-04-23T09:53:17+00:00","dateModified":"2026-04-23T09:53:17+00:00","breadcrumb":{"@id":"https:\/\/legarti.ee\/en\/toode\/onemore-4-kupsetusvormid-on-madalad\/#breadcrumb"},"inLanguage":"en-US","potentialAction":[{"@type":"ReadAction","target":[["https:\/\/legarti.ee\/en\/toode\/onemore-4-kupsetusvormid-on-madalad\/"]]}]},{"@type":"ImageObject","inLanguage":"en-US","@id":"https:\/\/legarti.ee\/en\/toode\/onemore-4-kupsetusvormid-on-madalad\/#primaryimage","url":"https:\/\/legarti.ee\/wp-content\/uploads\/2026\/04\/01.webp","contentUrl":"https:\/\/legarti.ee\/wp-content\/uploads\/2026\/04\/01.webp","width":1500,"height":1470},{"@type":"BreadcrumbList","@id":"https:\/\/legarti.ee\/en\/toode\/onemore-4-kupsetusvormid-on-madalad\/#breadcrumb","itemListElement":[{"@type":"ListItem","position":1,"name":"Avaleht","item":"https:\/\/legarti.ee\/en\/"},{"@type":"ListItem","position":2,"name":"Pood &#038; Oksjon","item":"https:\/\/legarti.ee\/en\/pood\/"},{"@type":"ListItem","position":3,"name":"\u0424\u043e\u0440\u043c\u043e\u0447\u043a\u0438 \u0434\u043b\u044f \u0437\u0430\u043f\u0435\u043a\u0430\u043d\u0438\u044f ONEMORE 4"}]},{"@type":"WebSite","@id":"https:\/\/legarti.ee\/en\/#website","url":"https:\/\/legarti.ee\/en\/","name":"Legarti","description":"Legarti O\u00dc is a company specializing in the sale of smart home products.","publisher":{"@id":"https:\/\/legarti.ee\/en\/#organization"},"alternateName":"Legarti","potentialAction":[{"@type":"SearchAction","target":{"@type":"EntryPoint","urlTemplate":"https:\/\/legarti.ee\/en\/?s={search_term_string}"},"query-input":"required name=search_term_string"}],"inLanguage":"en-US"},{"@type":"Organization","@id":"https:\/\/legarti.ee\/en\/#organization","name":"Legarti O\u00dc","alternateName":"Legarti","url":"https:\/\/legarti.ee\/en\/","logo":{"@type":"ImageObject","inLanguage":"en-US","@id":"https:\/\/legarti.ee\/en\/#\/schema\/logo\/image\/","url":"https:\/\/legarti.ee\/wp-content\/uploads\/2024\/04\/logo_legarti-muts.png","contentUrl":"https:\/\/legarti.ee\/wp-content\/uploads\/2024\/04\/logo_legarti-muts.png","width":600,"height":398,"caption":"Legarti O\u00dc"},"image":{"@id":"https:\/\/legarti.ee\/en\/#\/schema\/logo\/image\/"}}]}},"_links":{"self":[{"href":"https:\/\/legarti.ee\/en\/wp-json\/wp\/v2\/product\/790"}],"collection":[{"href":"https:\/\/legarti.ee\/en\/wp-json\/wp\/v2\/product"}],"about":[{"href":"https:\/\/legarti.ee\/en\/wp-json\/wp\/v2\/types\/product"}],"wp:featuredmedia":[{"embeddable":true,"href":"https:\/\/legarti.ee\/en\/wp-json\/wp\/v2\/media\/791"}],"wp:attachment":[{"href":"https:\/\/legarti.ee\/en\/wp-json\/wp\/v2\/media?parent=790"}],"wp:term":[{"taxonomy":"product_cat","embeddable":true,"href":"https:\/\/legarti.ee\/en\/wp-json\/wp\/v2\/product_cat?post=790"},{"taxonomy":"product_tag","embeddable":true,"href":"https:\/\/legarti.ee\/en\/wp-json\/wp\/v2\/product_tag?post=790"}],"curies":[{"name":"wp","href":"https:\/\/api.w.org\/{rel}","templated":true}]}}