{"id":586,"date":"2026-04-14T16:03:38","date_gmt":"2026-04-14T13:03:38","guid":{"rendered":"https:\/\/legarti.ee\/?post_type=product&#038;p=586"},"modified":"2026-04-14T16:03:38","modified_gmt":"2026-04-14T13:03:38","slug":"karcheri-rotojeti-otsik-k4-ja-k5-survepesuritele","status":"publish","type":"product","link":"https:\/\/legarti.ee\/en\/toode\/karcheri-rotojeti-otsik-k4-ja-k5-survepesuritele\/","title":{"rendered":"K\u00e4rcher Rotojet Nozzle for K4 and K5 Pressure Washers"},"content":{"rendered":"<p>K\u00e4rcher Rotojet Nozzle for K4 and K5 Pressure Washers<br \/>\nThe K\u00e4rcher Rotojet nozzle is suitable for K\u00e4rcher K4 and K5 pressure washers. It is used for cleaning cars, walls, or garden fences, removing stubborn dirt and moss. Compatible with the following K\u00e4rcher pressure washers: K 4 Compact, K 4 Full Control, K 4 Full Control Car, K 4 Premium Full Control, K 5 COMPACT, K 5 Compact, K 5 Full Control, and K 5 Premium.<br \/>\nManufacturer: K\u00e4rcher.<br \/>\nItem height, cm: 4.1 cm.<br \/>\nItem width, cm: 4.1 cm.<br \/>\nItem depth, cm: 45 cm.<br \/>\nWeight, kg: 0.5 kg.<\/p>","protected":false},"excerpt":{"rendered":"<p>K\u00e4rcher Rotojet Nozzle for K4 and K5 Pressure Washers The K\u00e4rcher Rotojet nozzle is suitable for K\u00e4rcher K4 and K5<\/p>\n","protected":false},"featured_media":587,"template":"","meta":[],"product_cat":[38],"product_tag":[],"yoast_head":"<!-- This site is optimized with the Yoast SEO plugin v22.6 - https:\/\/yoast.com\/wordpress\/plugins\/seo\/ -->\n<title>K\u00e4rcher Rotojet Nozzle for K4 and K5 Pressure Washers | Legarti<\/title>\n<meta name=\"robots\" content=\"index, follow, max-snippet:-1, max-image-preview:large, max-video-preview:-1\" \/>\n<link rel=\"canonical\" href=\"https:\/\/legarti.ee\/en\/toode\/karcheri-rotojeti-otsik-k4-ja-k5-survepesuritele\/\" \/>\n<meta property=\"og:locale\" content=\"en_US\" \/>\n<meta property=\"og:type\" content=\"article\" \/>\n<meta property=\"og:title\" content=\"K\u00e4rcher Rotojet Nozzle for K4 and K5 Pressure Washers | Legarti\" \/>\n<meta property=\"og:description\" content=\"K\u00e4rcher Rotojet Nozzle for K4 and K5 Pressure Washers The K\u00e4rcher Rotojet nozzle is suitable for K\u00e4rcher K4 and K5\" \/>\n<meta property=\"og:url\" content=\"https:\/\/legarti.ee\/en\/toode\/karcheri-rotojeti-otsik-k4-ja-k5-survepesuritele\/\" \/>\n<meta property=\"og:site_name\" content=\"Legarti\" \/>\n<meta property=\"og:image\" content=\"https:\/\/legarti.ee\/wp-content\/uploads\/2026\/04\/kerser-scaled.jpg\" \/>\n\t<meta property=\"og:image:width\" content=\"2560\" \/>\n\t<meta property=\"og:image:height\" content=\"850\" \/>\n\t<meta property=\"og:image:type\" content=\"image\/jpeg\" \/>\n<meta name=\"twitter:card\" content=\"summary_large_image\" \/>\n<script type=\"application\/ld+json\" class=\"yoast-schema-graph\">{\"@context\":\"https:\/\/schema.org\",\"@graph\":[{\"@type\":\"WebPage\",\"@id\":\"https:\/\/legarti.ee\/en\/toode\/karcheri-rotojeti-otsik-k4-ja-k5-survepesuritele\/\",\"url\":\"https:\/\/legarti.ee\/en\/toode\/karcheri-rotojeti-otsik-k4-ja-k5-survepesuritele\/\",\"name\":\"K\u00e4rcher Rotojet Nozzle for K4 and K5 Pressure Washers | Legarti\",\"isPartOf\":{\"@id\":\"https:\/\/legarti.ee\/en\/#website\"},\"primaryImageOfPage\":{\"@id\":\"https:\/\/legarti.ee\/en\/toode\/karcheri-rotojeti-otsik-k4-ja-k5-survepesuritele\/#primaryimage\"},\"image\":{\"@id\":\"https:\/\/legarti.ee\/toode\/karcheri-rotojeti-otsik-k4-ja-k5-survepesuritele\/#primaryimage\"},\"thumbnailUrl\":\"https:\/\/legarti.ee\/wp-content\/uploads\/2026\/04\/kerser-scaled.jpg\",\"datePublished\":\"2026-04-14T13:03:38+00:00\",\"dateModified\":\"2026-04-14T13:03:38+00:00\",\"breadcrumb\":{\"@id\":\"https:\/\/legarti.ee\/en\/toode\/karcheri-rotojeti-otsik-k4-ja-k5-survepesuritele\/#breadcrumb\"},\"inLanguage\":\"en-US\",\"potentialAction\":[{\"@type\":\"ReadAction\",\"target\":[[\"https:\/\/legarti.ee\/en\/toode\/karcheri-rotojeti-otsik-k4-ja-k5-survepesuritele\/\"]]}]},{\"@type\":\"ImageObject\",\"inLanguage\":\"en-US\",\"@id\":\"https:\/\/legarti.ee\/en\/toode\/karcheri-rotojeti-otsik-k4-ja-k5-survepesuritele\/#primaryimage\",\"url\":\"https:\/\/legarti.ee\/wp-content\/uploads\/2026\/04\/kerser-scaled.jpg\",\"contentUrl\":\"https:\/\/legarti.ee\/wp-content\/uploads\/2026\/04\/kerser-scaled.jpg\",\"width\":2560,\"height\":850},{\"@type\":\"BreadcrumbList\",\"@id\":\"https:\/\/legarti.ee\/en\/toode\/karcheri-rotojeti-otsik-k4-ja-k5-survepesuritele\/#breadcrumb\",\"itemListElement\":[{\"@type\":\"ListItem\",\"position\":1,\"name\":\"Avaleht\",\"item\":\"https:\/\/legarti.ee\/en\/\"},{\"@type\":\"ListItem\",\"position\":2,\"name\":\"Pood &#038; Oksjon\",\"item\":\"https:\/\/legarti.ee\/en\/pood\/\"},{\"@type\":\"ListItem\",\"position\":3,\"name\":\"\u041d\u0430\u0441\u0430\u0434\u043a\u0430 \u0434\u043b\u044f \u043c\u043e\u0439\u043a\u0438 K\u00c4RCHER ROTOJET \u043c\u043e\u0434\u0435\u043b\u0435\u0439 K4 \u0438 K5\"}]},{\"@type\":\"WebSite\",\"@id\":\"https:\/\/legarti.ee\/en\/#website\",\"url\":\"https:\/\/legarti.ee\/en\/\",\"name\":\"Legarti\",\"description\":\"Legarti O\u00dc is a company specializing in the sale of smart home products.\",\"publisher\":{\"@id\":\"https:\/\/legarti.ee\/en\/#organization\"},\"alternateName\":\"Legarti\",\"potentialAction\":[{\"@type\":\"SearchAction\",\"target\":{\"@type\":\"EntryPoint\",\"urlTemplate\":\"https:\/\/legarti.ee\/en\/?s={search_term_string}\"},\"query-input\":\"required name=search_term_string\"}],\"inLanguage\":\"en-US\"},{\"@type\":\"Organization\",\"@id\":\"https:\/\/legarti.ee\/en\/#organization\",\"name\":\"Legarti O\u00dc\",\"alternateName\":\"Legarti\",\"url\":\"https:\/\/legarti.ee\/en\/\",\"logo\":{\"@type\":\"ImageObject\",\"inLanguage\":\"en-US\",\"@id\":\"https:\/\/legarti.ee\/en\/#\/schema\/logo\/image\/\",\"url\":\"https:\/\/legarti.ee\/wp-content\/uploads\/2024\/04\/logo_legarti-muts.png\",\"contentUrl\":\"https:\/\/legarti.ee\/wp-content\/uploads\/2024\/04\/logo_legarti-muts.png\",\"width\":600,\"height\":398,\"caption\":\"Legarti O\u00dc\"},\"image\":{\"@id\":\"https:\/\/legarti.ee\/en\/#\/schema\/logo\/image\/\"}}]}<\/script>\n<!-- \/ Yoast SEO plugin. -->","yoast_head_json":{"title":"K\u00e4rcher Rotojet Nozzle for K4 and K5 Pressure Washers | Legarti","robots":{"index":"index","follow":"follow","max-snippet":"max-snippet:-1","max-image-preview":"max-image-preview:large","max-video-preview":"max-video-preview:-1"},"canonical":"https:\/\/legarti.ee\/en\/toode\/karcheri-rotojeti-otsik-k4-ja-k5-survepesuritele\/","og_locale":"en_US","og_type":"article","og_title":"K\u00e4rcher Rotojet Nozzle for K4 and K5 Pressure Washers | Legarti","og_description":"K\u00e4rcher Rotojet Nozzle for K4 and K5 Pressure Washers The K\u00e4rcher Rotojet nozzle is suitable for K\u00e4rcher K4 and K5","og_url":"https:\/\/legarti.ee\/en\/toode\/karcheri-rotojeti-otsik-k4-ja-k5-survepesuritele\/","og_site_name":"Legarti","og_image":[{"width":2560,"height":850,"url":"https:\/\/legarti.ee\/wp-content\/uploads\/2026\/04\/kerser-scaled.jpg","type":"image\/jpeg"}],"twitter_card":"summary_large_image","schema":{"@context":"https:\/\/schema.org","@graph":[{"@type":"WebPage","@id":"https:\/\/legarti.ee\/en\/toode\/karcheri-rotojeti-otsik-k4-ja-k5-survepesuritele\/","url":"https:\/\/legarti.ee\/en\/toode\/karcheri-rotojeti-otsik-k4-ja-k5-survepesuritele\/","name":"K\u00e4rcher Rotojet Nozzle for K4 and K5 Pressure Washers | Legarti","isPartOf":{"@id":"https:\/\/legarti.ee\/en\/#website"},"primaryImageOfPage":{"@id":"https:\/\/legarti.ee\/en\/toode\/karcheri-rotojeti-otsik-k4-ja-k5-survepesuritele\/#primaryimage"},"image":{"@id":"https:\/\/legarti.ee\/toode\/karcheri-rotojeti-otsik-k4-ja-k5-survepesuritele\/#primaryimage"},"thumbnailUrl":"https:\/\/legarti.ee\/wp-content\/uploads\/2026\/04\/kerser-scaled.jpg","datePublished":"2026-04-14T13:03:38+00:00","dateModified":"2026-04-14T13:03:38+00:00","breadcrumb":{"@id":"https:\/\/legarti.ee\/en\/toode\/karcheri-rotojeti-otsik-k4-ja-k5-survepesuritele\/#breadcrumb"},"inLanguage":"en-US","potentialAction":[{"@type":"ReadAction","target":[["https:\/\/legarti.ee\/en\/toode\/karcheri-rotojeti-otsik-k4-ja-k5-survepesuritele\/"]]}]},{"@type":"ImageObject","inLanguage":"en-US","@id":"https:\/\/legarti.ee\/en\/toode\/karcheri-rotojeti-otsik-k4-ja-k5-survepesuritele\/#primaryimage","url":"https:\/\/legarti.ee\/wp-content\/uploads\/2026\/04\/kerser-scaled.jpg","contentUrl":"https:\/\/legarti.ee\/wp-content\/uploads\/2026\/04\/kerser-scaled.jpg","width":2560,"height":850},{"@type":"BreadcrumbList","@id":"https:\/\/legarti.ee\/en\/toode\/karcheri-rotojeti-otsik-k4-ja-k5-survepesuritele\/#breadcrumb","itemListElement":[{"@type":"ListItem","position":1,"name":"Avaleht","item":"https:\/\/legarti.ee\/en\/"},{"@type":"ListItem","position":2,"name":"Pood &#038; Oksjon","item":"https:\/\/legarti.ee\/en\/pood\/"},{"@type":"ListItem","position":3,"name":"\u041d\u0430\u0441\u0430\u0434\u043a\u0430 \u0434\u043b\u044f \u043c\u043e\u0439\u043a\u0438 K\u00c4RCHER ROTOJET \u043c\u043e\u0434\u0435\u043b\u0435\u0439 K4 \u0438 K5"}]},{"@type":"WebSite","@id":"https:\/\/legarti.ee\/en\/#website","url":"https:\/\/legarti.ee\/en\/","name":"Legarti","description":"Legarti O\u00dc is a company specializing in the sale of smart home products.","publisher":{"@id":"https:\/\/legarti.ee\/en\/#organization"},"alternateName":"Legarti","potentialAction":[{"@type":"SearchAction","target":{"@type":"EntryPoint","urlTemplate":"https:\/\/legarti.ee\/en\/?s={search_term_string}"},"query-input":"required name=search_term_string"}],"inLanguage":"en-US"},{"@type":"Organization","@id":"https:\/\/legarti.ee\/en\/#organization","name":"Legarti O\u00dc","alternateName":"Legarti","url":"https:\/\/legarti.ee\/en\/","logo":{"@type":"ImageObject","inLanguage":"en-US","@id":"https:\/\/legarti.ee\/en\/#\/schema\/logo\/image\/","url":"https:\/\/legarti.ee\/wp-content\/uploads\/2024\/04\/logo_legarti-muts.png","contentUrl":"https:\/\/legarti.ee\/wp-content\/uploads\/2024\/04\/logo_legarti-muts.png","width":600,"height":398,"caption":"Legarti O\u00dc"},"image":{"@id":"https:\/\/legarti.ee\/en\/#\/schema\/logo\/image\/"}}]}},"_links":{"self":[{"href":"https:\/\/legarti.ee\/en\/wp-json\/wp\/v2\/product\/586"}],"collection":[{"href":"https:\/\/legarti.ee\/en\/wp-json\/wp\/v2\/product"}],"about":[{"href":"https:\/\/legarti.ee\/en\/wp-json\/wp\/v2\/types\/product"}],"wp:featuredmedia":[{"embeddable":true,"href":"https:\/\/legarti.ee\/en\/wp-json\/wp\/v2\/media\/587"}],"wp:attachment":[{"href":"https:\/\/legarti.ee\/en\/wp-json\/wp\/v2\/media?parent=586"}],"wp:term":[{"taxonomy":"product_cat","embeddable":true,"href":"https:\/\/legarti.ee\/en\/wp-json\/wp\/v2\/product_cat?post=586"},{"taxonomy":"product_tag","embeddable":true,"href":"https:\/\/legarti.ee\/en\/wp-json\/wp\/v2\/product_tag?post=586"}],"curies":[{"name":"wp","href":"https:\/\/api.w.org\/{rel}","templated":true}]}}