{"id":336,"date":"2026-01-04T14:35:12","date_gmt":"2026-01-04T12:35:12","guid":{"rendered":"https:\/\/legarti.ee\/?post_type=product&#038;p=336"},"modified":"2026-01-25T13:21:33","modified_gmt":"2026-01-25T11:21:33","slug":"elektriline-vaikne-aiahakkur-ikra-ilh-2800-max-oksa-labimoot-44-mm-kahjustatud-voi-puuduv-pakend","status":"publish","type":"product","link":"https:\/\/legarti.ee\/en\/toode\/elektriline-vaikne-aiahakkur-ikra-ilh-2800-max-oksa-labimoot-44-mm-kahjustatud-voi-puuduv-pakend\/","title":{"rendered":"Electric Garden Shredder IKRA IMH 2800, 2800 W, Max Branch \u00d8 45 mm, Collection Bag 45 L, Damaged or Missing Packaging"},"content":{"rendered":"<p><\/p>\n<p data-start=\"393\" data-end=\"410\"><strong data-start=\"393\" data-end=\"410\">Key features:<\/strong><\/p>\n<p data-start=\"412\" data-end=\"1006\">High-performance 2800 W electric motor for powerful shredding<br data-start=\"473\" data-end=\"476\" \/>Suitable for branches with a thickness up to 45 mm<br data-start=\"526\" data-end=\"529\" \/>Durable reversible blades made of hardened steel for efficient cutting<br data-start=\"599\" data-end=\"602\" \/>Includes 2 replacement reversible blades for extended service life<br data-start=\"668\" data-end=\"671\" \/>Mobile design with sturdy wheels and practical carry handle<br data-start=\"730\" data-end=\"733\" \/>Folding feed funnel with safety lock for easy cleaning and maintenance<br data-start=\"803\" data-end=\"806\" \/>Effective collection system with 45-litre collection bag<br data-start=\"862\" data-end=\"865\" \/>Integrated holder for collection bag and included tamper for safe feeding<\/p>\n<p data-start=\"412\" data-end=\"1006\"><strong data-start=\"1008\" data-end=\"1025\">Suitable for:<\/strong><\/p>\n<p data-start=\"1027\" data-end=\"1187\">Shredding branches, twigs, and garden waste<br data-start=\"1070\" data-end=\"1073\" \/>Garden maintenance and pruning work<br data-start=\"1108\" data-end=\"1111\" \/>Producing mulching material for garden beds<br data-start=\"1154\" data-end=\"1157\" \/>Home gardeners and hobby users<\/p>\n<p data-start=\"1189\" data-end=\"1218\"><strong data-start=\"1189\" data-end=\"1218\">Technical specifications:<\/strong><\/p>\n<p data-start=\"1220\" data-end=\"1633\">Product type: Electric garden shredder<br data-start=\"1258\" data-end=\"1261\" \/>Brand: IKRA<br data-start=\"1272\" data-end=\"1275\" \/>Model: IMH 2800<br data-start=\"1290\" data-end=\"1293\" \/>Power source: Corded electric<br data-start=\"1322\" data-end=\"1325\" \/>Power: 2800 W<br data-start=\"1338\" data-end=\"1341\" \/>Max branch diameter: 45 mm<br data-start=\"1367\" data-end=\"1370\" \/>Blade type: Reversible hardened steel blades<br data-start=\"1414\" data-end=\"1417\" \/>Collection bag volume: 45 L<br data-start=\"1444\" data-end=\"1447\" \/>Item weight: approx. 10 kg<br data-start=\"1473\" data-end=\"1476\" \/>Dimensions: 44 \u00d7 36 \u00d7 94 cm<\/p>\n<p><\/p>","protected":false},"excerpt":{"rendered":"<p><strong>Price is for one<\/strong><\/p>\n","protected":false},"featured_media":346,"template":"","meta":[],"product_cat":[32],"product_tag":[],"yoast_head":"<!-- This site is optimized with the Yoast SEO plugin v22.6 - https:\/\/yoast.com\/wordpress\/plugins\/seo\/ -->\n<title>Electric Garden Shredder IKRA IMH 2800, 2800 W, Max Branch \u00d8 45 mm, Collection Bag 45 L, Damaged or Missing Packaging | Legarti<\/title>\n<meta name=\"robots\" content=\"index, follow, max-snippet:-1, max-image-preview:large, max-video-preview:-1\" \/>\n<link rel=\"canonical\" href=\"https:\/\/legarti.ee\/en\/toode\/elektriline-vaikne-aiahakkur-ikra-ilh-2800-max-oksa-labimoot-44-mm-kahjustatud-voi-puuduv-pakend\/\" \/>\n<meta property=\"og:locale\" content=\"en_US\" \/>\n<meta property=\"og:type\" content=\"article\" \/>\n<meta property=\"og:title\" content=\"Electric Garden Shredder IKRA IMH 2800, 2800 W, Max Branch \u00d8 45 mm, Collection Bag 45 L, Damaged or Missing Packaging | Legarti\" \/>\n<meta property=\"og:description\" content=\"Price is for one\" \/>\n<meta property=\"og:url\" content=\"https:\/\/legarti.ee\/en\/toode\/elektriline-vaikne-aiahakkur-ikra-ilh-2800-max-oksa-labimoot-44-mm-kahjustatud-voi-puuduv-pakend\/\" \/>\n<meta property=\"og:site_name\" content=\"Legarti\" \/>\n<meta property=\"article:modified_time\" content=\"2026-01-25T11:21:33+00:00\" \/>\n<meta property=\"og:image\" content=\"https:\/\/legarti.ee\/wp-content\/uploads\/2026\/01\/61uDV4Cc0YL._AC_SL1500_.jpg\" \/>\n\t<meta property=\"og:image:width\" content=\"834\" \/>\n\t<meta property=\"og:image:height\" content=\"1500\" \/>\n\t<meta property=\"og:image:type\" content=\"image\/jpeg\" \/>\n<meta name=\"twitter:card\" content=\"summary_large_image\" \/>\n<meta name=\"twitter:label1\" content=\"Est. reading time\" \/>\n\t<meta name=\"twitter:data1\" content=\"1 minute\" \/>\n<script type=\"application\/ld+json\" class=\"yoast-schema-graph\">{\"@context\":\"https:\/\/schema.org\",\"@graph\":[{\"@type\":\"WebPage\",\"@id\":\"https:\/\/legarti.ee\/en\/toode\/elektriline-vaikne-aiahakkur-ikra-ilh-2800-max-oksa-labimoot-44-mm-kahjustatud-voi-puuduv-pakend\/\",\"url\":\"https:\/\/legarti.ee\/en\/toode\/elektriline-vaikne-aiahakkur-ikra-ilh-2800-max-oksa-labimoot-44-mm-kahjustatud-voi-puuduv-pakend\/\",\"name\":\"Electric Garden Shredder IKRA IMH 2800, 2800 W, Max Branch \u00d8 45 mm, Collection Bag 45 L, Damaged or Missing Packaging | Legarti\",\"isPartOf\":{\"@id\":\"https:\/\/legarti.ee\/en\/#website\"},\"primaryImageOfPage\":{\"@id\":\"https:\/\/legarti.ee\/en\/toode\/elektriline-vaikne-aiahakkur-ikra-ilh-2800-max-oksa-labimoot-44-mm-kahjustatud-voi-puuduv-pakend\/#primaryimage\"},\"image\":{\"@id\":\"https:\/\/legarti.ee\/toode\/elektriline-vaikne-aiahakkur-ikra-ilh-2800-max-oksa-labimoot-44-mm-kahjustatud-voi-puuduv-pakend\/#primaryimage\"},\"thumbnailUrl\":\"https:\/\/legarti.ee\/wp-content\/uploads\/2026\/01\/61uDV4Cc0YL._AC_SL1500_.jpg\",\"datePublished\":\"2026-01-04T12:35:12+00:00\",\"dateModified\":\"2026-01-25T11:21:33+00:00\",\"breadcrumb\":{\"@id\":\"https:\/\/legarti.ee\/en\/toode\/elektriline-vaikne-aiahakkur-ikra-ilh-2800-max-oksa-labimoot-44-mm-kahjustatud-voi-puuduv-pakend\/#breadcrumb\"},\"inLanguage\":\"en-US\",\"potentialAction\":[{\"@type\":\"ReadAction\",\"target\":[[\"https:\/\/legarti.ee\/en\/toode\/elektriline-vaikne-aiahakkur-ikra-ilh-2800-max-oksa-labimoot-44-mm-kahjustatud-voi-puuduv-pakend\/\"]]}]},{\"@type\":\"ImageObject\",\"inLanguage\":\"en-US\",\"@id\":\"https:\/\/legarti.ee\/en\/toode\/elektriline-vaikne-aiahakkur-ikra-ilh-2800-max-oksa-labimoot-44-mm-kahjustatud-voi-puuduv-pakend\/#primaryimage\",\"url\":\"https:\/\/legarti.ee\/wp-content\/uploads\/2026\/01\/61uDV4Cc0YL._AC_SL1500_.jpg\",\"contentUrl\":\"https:\/\/legarti.ee\/wp-content\/uploads\/2026\/01\/61uDV4Cc0YL._AC_SL1500_.jpg\",\"width\":834,\"height\":1500},{\"@type\":\"BreadcrumbList\",\"@id\":\"https:\/\/legarti.ee\/en\/toode\/elektriline-vaikne-aiahakkur-ikra-ilh-2800-max-oksa-labimoot-44-mm-kahjustatud-voi-puuduv-pakend\/#breadcrumb\",\"itemListElement\":[{\"@type\":\"ListItem\",\"position\":1,\"name\":\"Avaleht\",\"item\":\"https:\/\/legarti.ee\/en\/\"},{\"@type\":\"ListItem\",\"position\":2,\"name\":\"Pood &#038; Oksjon\",\"item\":\"https:\/\/legarti.ee\/en\/pood\/\"},{\"@type\":\"ListItem\",\"position\":3,\"name\":\"Elektriline aiahakkur IKRA IMH 2800, 2800 W, max oksa l\u00e4bim\u00f5\u00f5t 45 mm, kogumiskott 45 l, kahjustatud v\u00f5i puuduv pakend\"}]},{\"@type\":\"WebSite\",\"@id\":\"https:\/\/legarti.ee\/en\/#website\",\"url\":\"https:\/\/legarti.ee\/en\/\",\"name\":\"Legarti\",\"description\":\"Legarti O\u00dc is a company specializing in the sale of smart home products.\",\"publisher\":{\"@id\":\"https:\/\/legarti.ee\/en\/#organization\"},\"alternateName\":\"Legarti\",\"potentialAction\":[{\"@type\":\"SearchAction\",\"target\":{\"@type\":\"EntryPoint\",\"urlTemplate\":\"https:\/\/legarti.ee\/en\/?s={search_term_string}\"},\"query-input\":\"required name=search_term_string\"}],\"inLanguage\":\"en-US\"},{\"@type\":\"Organization\",\"@id\":\"https:\/\/legarti.ee\/en\/#organization\",\"name\":\"Legarti O\u00dc\",\"alternateName\":\"Legarti\",\"url\":\"https:\/\/legarti.ee\/en\/\",\"logo\":{\"@type\":\"ImageObject\",\"inLanguage\":\"en-US\",\"@id\":\"https:\/\/legarti.ee\/en\/#\/schema\/logo\/image\/\",\"url\":\"https:\/\/legarti.ee\/wp-content\/uploads\/2024\/04\/logo_legarti-muts.png\",\"contentUrl\":\"https:\/\/legarti.ee\/wp-content\/uploads\/2024\/04\/logo_legarti-muts.png\",\"width\":600,\"height\":398,\"caption\":\"Legarti O\u00dc\"},\"image\":{\"@id\":\"https:\/\/legarti.ee\/en\/#\/schema\/logo\/image\/\"}}]}<\/script>\n<!-- \/ Yoast SEO plugin. -->","yoast_head_json":{"title":"Electric Garden Shredder IKRA IMH 2800, 2800 W, Max Branch \u00d8 45 mm, Collection Bag 45 L, Damaged or Missing Packaging | Legarti","robots":{"index":"index","follow":"follow","max-snippet":"max-snippet:-1","max-image-preview":"max-image-preview:large","max-video-preview":"max-video-preview:-1"},"canonical":"https:\/\/legarti.ee\/en\/toode\/elektriline-vaikne-aiahakkur-ikra-ilh-2800-max-oksa-labimoot-44-mm-kahjustatud-voi-puuduv-pakend\/","og_locale":"en_US","og_type":"article","og_title":"Electric Garden Shredder IKRA IMH 2800, 2800 W, Max Branch \u00d8 45 mm, Collection Bag 45 L, Damaged or Missing Packaging | Legarti","og_description":"Price is for one","og_url":"https:\/\/legarti.ee\/en\/toode\/elektriline-vaikne-aiahakkur-ikra-ilh-2800-max-oksa-labimoot-44-mm-kahjustatud-voi-puuduv-pakend\/","og_site_name":"Legarti","article_modified_time":"2026-01-25T11:21:33+00:00","og_image":[{"width":834,"height":1500,"url":"https:\/\/legarti.ee\/wp-content\/uploads\/2026\/01\/61uDV4Cc0YL._AC_SL1500_.jpg","type":"image\/jpeg"}],"twitter_card":"summary_large_image","twitter_misc":{"Est. reading time":"1 minute"},"schema":{"@context":"https:\/\/schema.org","@graph":[{"@type":"WebPage","@id":"https:\/\/legarti.ee\/en\/toode\/elektriline-vaikne-aiahakkur-ikra-ilh-2800-max-oksa-labimoot-44-mm-kahjustatud-voi-puuduv-pakend\/","url":"https:\/\/legarti.ee\/en\/toode\/elektriline-vaikne-aiahakkur-ikra-ilh-2800-max-oksa-labimoot-44-mm-kahjustatud-voi-puuduv-pakend\/","name":"Electric Garden Shredder IKRA IMH 2800, 2800 W, Max Branch \u00d8 45 mm, Collection Bag 45 L, Damaged or Missing Packaging | Legarti","isPartOf":{"@id":"https:\/\/legarti.ee\/en\/#website"},"primaryImageOfPage":{"@id":"https:\/\/legarti.ee\/en\/toode\/elektriline-vaikne-aiahakkur-ikra-ilh-2800-max-oksa-labimoot-44-mm-kahjustatud-voi-puuduv-pakend\/#primaryimage"},"image":{"@id":"https:\/\/legarti.ee\/toode\/elektriline-vaikne-aiahakkur-ikra-ilh-2800-max-oksa-labimoot-44-mm-kahjustatud-voi-puuduv-pakend\/#primaryimage"},"thumbnailUrl":"https:\/\/legarti.ee\/wp-content\/uploads\/2026\/01\/61uDV4Cc0YL._AC_SL1500_.jpg","datePublished":"2026-01-04T12:35:12+00:00","dateModified":"2026-01-25T11:21:33+00:00","breadcrumb":{"@id":"https:\/\/legarti.ee\/en\/toode\/elektriline-vaikne-aiahakkur-ikra-ilh-2800-max-oksa-labimoot-44-mm-kahjustatud-voi-puuduv-pakend\/#breadcrumb"},"inLanguage":"en-US","potentialAction":[{"@type":"ReadAction","target":[["https:\/\/legarti.ee\/en\/toode\/elektriline-vaikne-aiahakkur-ikra-ilh-2800-max-oksa-labimoot-44-mm-kahjustatud-voi-puuduv-pakend\/"]]}]},{"@type":"ImageObject","inLanguage":"en-US","@id":"https:\/\/legarti.ee\/en\/toode\/elektriline-vaikne-aiahakkur-ikra-ilh-2800-max-oksa-labimoot-44-mm-kahjustatud-voi-puuduv-pakend\/#primaryimage","url":"https:\/\/legarti.ee\/wp-content\/uploads\/2026\/01\/61uDV4Cc0YL._AC_SL1500_.jpg","contentUrl":"https:\/\/legarti.ee\/wp-content\/uploads\/2026\/01\/61uDV4Cc0YL._AC_SL1500_.jpg","width":834,"height":1500},{"@type":"BreadcrumbList","@id":"https:\/\/legarti.ee\/en\/toode\/elektriline-vaikne-aiahakkur-ikra-ilh-2800-max-oksa-labimoot-44-mm-kahjustatud-voi-puuduv-pakend\/#breadcrumb","itemListElement":[{"@type":"ListItem","position":1,"name":"Avaleht","item":"https:\/\/legarti.ee\/en\/"},{"@type":"ListItem","position":2,"name":"Pood &#038; Oksjon","item":"https:\/\/legarti.ee\/en\/pood\/"},{"@type":"ListItem","position":3,"name":"Elektriline aiahakkur IKRA IMH 2800, 2800 W, max oksa l\u00e4bim\u00f5\u00f5t 45 mm, kogumiskott 45 l, kahjustatud v\u00f5i puuduv pakend"}]},{"@type":"WebSite","@id":"https:\/\/legarti.ee\/en\/#website","url":"https:\/\/legarti.ee\/en\/","name":"Legarti","description":"Legarti O\u00dc is a company specializing in the sale of smart home products.","publisher":{"@id":"https:\/\/legarti.ee\/en\/#organization"},"alternateName":"Legarti","potentialAction":[{"@type":"SearchAction","target":{"@type":"EntryPoint","urlTemplate":"https:\/\/legarti.ee\/en\/?s={search_term_string}"},"query-input":"required name=search_term_string"}],"inLanguage":"en-US"},{"@type":"Organization","@id":"https:\/\/legarti.ee\/en\/#organization","name":"Legarti O\u00dc","alternateName":"Legarti","url":"https:\/\/legarti.ee\/en\/","logo":{"@type":"ImageObject","inLanguage":"en-US","@id":"https:\/\/legarti.ee\/en\/#\/schema\/logo\/image\/","url":"https:\/\/legarti.ee\/wp-content\/uploads\/2024\/04\/logo_legarti-muts.png","contentUrl":"https:\/\/legarti.ee\/wp-content\/uploads\/2024\/04\/logo_legarti-muts.png","width":600,"height":398,"caption":"Legarti O\u00dc"},"image":{"@id":"https:\/\/legarti.ee\/en\/#\/schema\/logo\/image\/"}}]}},"_links":{"self":[{"href":"https:\/\/legarti.ee\/en\/wp-json\/wp\/v2\/product\/336"}],"collection":[{"href":"https:\/\/legarti.ee\/en\/wp-json\/wp\/v2\/product"}],"about":[{"href":"https:\/\/legarti.ee\/en\/wp-json\/wp\/v2\/types\/product"}],"wp:featuredmedia":[{"embeddable":true,"href":"https:\/\/legarti.ee\/en\/wp-json\/wp\/v2\/media\/346"}],"wp:attachment":[{"href":"https:\/\/legarti.ee\/en\/wp-json\/wp\/v2\/media?parent=336"}],"wp:term":[{"taxonomy":"product_cat","embeddable":true,"href":"https:\/\/legarti.ee\/en\/wp-json\/wp\/v2\/product_cat?post=336"},{"taxonomy":"product_tag","embeddable":true,"href":"https:\/\/legarti.ee\/en\/wp-json\/wp\/v2\/product_tag?post=336"}],"curies":[{"name":"wp","href":"https:\/\/api.w.org\/{rel}","templated":true}]}}